{"id":10891,"date":"2023-09-09T01:42:59","date_gmt":"2023-09-09T06:42:59","guid":{"rendered":"https:\/\/caravanaamericana.com\/?page_id=10891"},"modified":"2023-09-29T17:48:20","modified_gmt":"2023-09-29T22:48:20","slug":"solana-beachwear-caravana-15","status":"publish","type":"page","link":"https:\/\/caravanaamericana.com\/en\/solana-beachwear-caravana-15\/","title":{"rendered":"Solana Beachwear CARAVANA 15"},"content":{"rendered":"\t\t<div data-elementor-type=\"wp-page\" data-elementor-id=\"10891\" class=\"elementor elementor-10891\">\n\t\t\t\t\t\t<section class=\"elementor-section elementor-top-section elementor-element elementor-element-eb4ca1d elementor-section-stretched elementor-section-full_width elementor-section-height-default elementor-section-height-default\" data-id=\"eb4ca1d\" data-element_type=\"section\" data-settings=\"{&quot;stretch_section&quot;:&quot;section-stretched&quot;}\">\n\t\t\t\t\t\t<div class=\"elementor-container elementor-column-gap-default\">\n\t\t\t\t\t<div class=\"elementor-column elementor-col-100 elementor-top-column elementor-element elementor-element-35d8111\" data-id=\"35d8111\" data-element_type=\"column\">\n\t\t\t<div class=\"elementor-widget-wrap elementor-element-populated\">\n\t\t\t\t\t\t<div class=\"elementor-element elementor-element-50c3851 elementor-widget elementor-widget-image\" data-id=\"50c3851\" data-element_type=\"widget\" data-widget_type=\"image.default\">\n\t\t\t\t<div class=\"elementor-widget-container\">\n\t\t\t\t\t\t\t\t\t\t\t\t\t\t\t<img decoding=\"async\" src=\"https:\/\/caravanaamericana.com\/wp-content\/uploads\/elementor\/thumbs\/SOLANA-BEACHWEAR-1-r5l10rk74csxn0eap6cucbesutsuekbqlpow45yhl4.jpg\" title=\"SOLANA BEACHWEAR\" alt=\"SOLANA BEACHWEAR\" loading=\"lazy\" \/>\t\t\t\t\t\t\t\t\t\t\t\t\t\t\t<\/div>\n\t\t\t\t<\/div>\n\t\t\t\t\t<\/div>\n\t\t<\/div>\n\t\t\t\t\t<\/div>\n\t\t<\/section>\n\t\t\t\t<section class=\"elementor-section elementor-top-section elementor-element elementor-element-97cf721 elementor-section-boxed elementor-section-height-default elementor-section-height-default\" data-id=\"97cf721\" data-element_type=\"section\" data-settings=\"{&quot;background_background&quot;:&quot;classic&quot;}\">\n\t\t\t\t\t\t<div class=\"elementor-container elementor-column-gap-default\">\n\t\t\t\t\t<div class=\"elementor-column elementor-col-100 elementor-top-column elementor-element elementor-element-d8cb6aa\" data-id=\"d8cb6aa\" data-element_type=\"column\">\n\t\t\t<div class=\"elementor-widget-wrap elementor-element-populated\">\n\t\t\t\t\t\t<div class=\"elementor-element elementor-element-7f9b666 elementor-widget elementor-widget-heading\" data-id=\"7f9b666\" data-element_type=\"widget\" data-widget_type=\"heading.default\">\n\t\t\t\t<div class=\"elementor-widget-container\">\n\t\t\t\t\t<h2 class=\"elementor-heading-title elementor-size-default\">Solana Beachwear<\/h2>\t\t\t\t<\/div>\n\t\t\t\t<\/div>\n\t\t\t\t<div class=\"elementor-element elementor-element-fd11800 elementor-widget elementor-widget-heading\" data-id=\"fd11800\" data-element_type=\"widget\" data-widget_type=\"heading.default\">\n\t\t\t\t<div class=\"elementor-widget-container\">\n\t\t\t\t\t<h2 class=\"elementor-heading-title elementor-size-default\">MODA - FASHION<\/h2>\t\t\t\t<\/div>\n\t\t\t\t<\/div>\n\t\t\t\t\t<\/div>\n\t\t<\/div>\n\t\t\t\t\t<\/div>\n\t\t<\/section>\n\t\t\t\t<section class=\"elementor-section elementor-top-section elementor-element elementor-element-87f8e3a elementor-section-boxed elementor-section-height-default elementor-section-height-default\" data-id=\"87f8e3a\" data-element_type=\"section\">\n\t\t\t\t\t\t<div class=\"elementor-container elementor-column-gap-default\">\n\t\t\t\t\t<div class=\"elementor-column elementor-col-50 elementor-top-column elementor-element elementor-element-2fde66f\" data-id=\"2fde66f\" data-element_type=\"column\">\n\t\t\t<div class=\"elementor-widget-wrap elementor-element-populated\">\n\t\t\t\t\t\t<div class=\"elementor-element elementor-element-4da6470 elementor-widget elementor-widget-text-editor\" data-id=\"4da6470\" data-element_type=\"widget\" data-widget_type=\"text-editor.default\">\n\t\t\t\t<div class=\"elementor-widget-container\">\n\t\t\t\t\t\t\t\t\t<p>Solana es una marca para las amantes de la playa y se enfoca en trenzar las filosof\u00edas de slow fashion, responsabilidad social y consciencia ambiental.<br \/>Trabajamos con varias comunidades de artesanos en M\u00e9xico para ayudar a preservar el arte antiguo y la tradici\u00f3n.<br \/>Solana no est\u00e1 enfocado en tendencias y producci\u00f3n masiva. Creamos piezas con el prop\u00f3sito que sean duraderas en tu closet.<br \/>Nuestros materiales son biodegradables (bamboo, algod\u00f3n org\u00e1nico, lino, palma). <br \/>Estamos trabajando en un programa de reciclaje para que nuestros productos contribuyan a una econom\u00eda circular.<br \/>Creemos que tenemos que dejar un mundo mejor para las futuras generaciones y crear consciencia entre los amantes de la moda.<\/p>\t\t\t\t\t\t\t\t<\/div>\n\t\t\t\t<\/div>\n\t\t\t\t\t<\/div>\n\t\t<\/div>\n\t\t\t\t<div class=\"elementor-column elementor-col-50 elementor-top-column elementor-element elementor-element-1fc5336\" data-id=\"1fc5336\" data-element_type=\"column\">\n\t\t\t<div class=\"elementor-widget-wrap elementor-element-populated\">\n\t\t\t\t\t\t<div class=\"elementor-element elementor-element-5f01463 elementor-widget elementor-widget-text-editor\" data-id=\"5f01463\" data-element_type=\"widget\" data-widget_type=\"text-editor.default\">\n\t\t\t\t<div class=\"elementor-widget-container\">\n\t\t\t\t\t\t\t\t\t<p>Solana is a beach style brand, focused on bringing you a piece that is braided with the philosophies of slow fashion, social responsibility and environmental consciousness.<br \/>Our craftsmanship comes from various artisan communities in Mexico, we contributes to preserve their ancient artistry and tradition. <br \/>Solana is not focused on trends or mass production. <br \/>We create pieces that are durable. <br \/>Our materials are biodegradable (bamboo, organic cotton, linen, palm). <br \/>We are working on a recycling program for our products to contribute to the sustainable circular economy. <br \/>We believe in leaving a better world for future generations and to create consciousness to all fashion lovers.<\/p>\t\t\t\t\t\t\t\t<\/div>\n\t\t\t\t<\/div>\n\t\t\t\t\t<\/div>\n\t\t<\/div>\n\t\t\t\t\t<\/div>\n\t\t<\/section>\n\t\t\t\t<section class=\"elementor-section elementor-top-section elementor-element elementor-element-c5e55d8 elementor-section-stretched elementor-section-full_width elementor-section-height-default elementor-section-height-default\" data-id=\"c5e55d8\" data-element_type=\"section\" data-settings=\"{&quot;stretch_section&quot;:&quot;section-stretched&quot;}\">\n\t\t\t\t\t\t<div class=\"elementor-container elementor-column-gap-default\">\n\t\t\t\t\t<div class=\"elementor-column elementor-col-100 elementor-top-column elementor-element elementor-element-f1a3f35\" data-id=\"f1a3f35\" data-element_type=\"column\">\n\t\t\t<div class=\"elementor-widget-wrap elementor-element-populated\">\n\t\t\t\t\t\t<div class=\"elementor-element elementor-element-34c134f image_carousel elementor-arrows-position-inside elementor-widget elementor-widget-image-carousel\" data-id=\"34c134f\" data-element_type=\"widget\" data-settings=\"{&quot;slides_to_show&quot;:&quot;3&quot;,&quot;navigation&quot;:&quot;arrows&quot;,&quot;autoplay&quot;:&quot;yes&quot;,&quot;pause_on_hover&quot;:&quot;yes&quot;,&quot;pause_on_interaction&quot;:&quot;yes&quot;,&quot;autoplay_speed&quot;:5000,&quot;infinite&quot;:&quot;yes&quot;,&quot;speed&quot;:500}\" data-widget_type=\"image-carousel.default\">\n\t\t\t\t<div class=\"elementor-widget-container\">\n\t\t\t\t\t\t\t<div class=\"elementor-image-carousel-wrapper swiper\" role=\"region\" aria-roledescription=\"carousel\" aria-label=\"Image Carousel\" dir=\"ltr\">\n\t\t\t<div class=\"elementor-image-carousel swiper-wrapper swiper-image-stretch\" aria-live=\"off\">\n\t\t\t\t\t\t\t\t<div class=\"swiper-slide\" role=\"group\" aria-roledescription=\"slide\" aria-label=\"1 of 4\"><figure class=\"swiper-slide-inner\"><img decoding=\"async\" class=\"swiper-slide-image\" src=\"https:\/\/caravanaamericana.com\/wp-content\/uploads\/2023\/09\/SOLANA-BEACHWEAR-2.jpg\" alt=\"SOLANA BEACHWEAR (2)\" \/><\/figure><\/div><div class=\"swiper-slide\" role=\"group\" aria-roledescription=\"slide\" aria-label=\"2 of 4\"><figure class=\"swiper-slide-inner\"><img decoding=\"async\" class=\"swiper-slide-image\" src=\"https:\/\/caravanaamericana.com\/wp-content\/uploads\/2023\/09\/SOLANA-BEACHWEAR-3.jpg\" alt=\"SOLANA BEACHWEAR (3)\" \/><\/figure><\/div><div class=\"swiper-slide\" role=\"group\" aria-roledescription=\"slide\" aria-label=\"3 of 4\"><figure class=\"swiper-slide-inner\"><img decoding=\"async\" class=\"swiper-slide-image\" src=\"https:\/\/caravanaamericana.com\/wp-content\/uploads\/2023\/09\/SOLANA-BEACHWEAR-4.jpg\" alt=\"SOLANA BEACHWEAR (4)\" \/><\/figure><\/div><div class=\"swiper-slide\" role=\"group\" aria-roledescription=\"slide\" aria-label=\"4 of 4\"><figure class=\"swiper-slide-inner\"><img decoding=\"async\" class=\"swiper-slide-image\" src=\"https:\/\/caravanaamericana.com\/wp-content\/uploads\/2023\/09\/SOLANA-BEACHWEAR-5.jpg\" alt=\"SOLANA BEACHWEAR\" \/><\/figure><\/div>\t\t\t<\/div>\n\t\t\t\t\t\t\t\t\t\t\t\t<div class=\"elementor-swiper-button elementor-swiper-button-prev\" role=\"button\" tabindex=\"0\">\n\t\t\t\t\t\t<i aria-hidden=\"true\" class=\"eicon-chevron-left\"><\/i>\t\t\t\t\t<\/div>\n\t\t\t\t\t<div class=\"elementor-swiper-button elementor-swiper-button-next\" role=\"button\" tabindex=\"0\">\n\t\t\t\t\t\t<i aria-hidden=\"true\" class=\"eicon-chevron-right\"><\/i>\t\t\t\t\t<\/div>\n\t\t\t\t\n\t\t\t\t\t\t\t\t\t<\/div>\n\t\t\t\t\t\t<\/div>\n\t\t\t\t<\/div>\n\t\t\t\t\t<\/div>\n\t\t<\/div>\n\t\t\t\t\t<\/div>\n\t\t<\/section>\n\t\t\t\t<section class=\"elementor-section elementor-top-section elementor-element elementor-element-0fcc31f elementor-section-boxed elementor-section-height-default elementor-section-height-default\" data-id=\"0fcc31f\" data-element_type=\"section\">\n\t\t\t\t\t\t<div class=\"elementor-container elementor-column-gap-default\">\n\t\t\t\t\t<div class=\"elementor-column elementor-col-50 elementor-top-column elementor-element elementor-element-ca1bdd4\" data-id=\"ca1bdd4\" data-element_type=\"column\">\n\t\t\t<div class=\"elementor-widget-wrap elementor-element-populated\">\n\t\t\t\t\t\t<div class=\"elementor-element elementor-element-0c0f63a elementor-widget elementor-widget-image-box\" data-id=\"0c0f63a\" data-element_type=\"widget\" data-widget_type=\"image-box.default\">\n\t\t\t\t<div class=\"elementor-widget-container\">\n\t\t\t\t\t<div class=\"elementor-image-box-wrapper\"><div class=\"elementor-image-box-content\"><h3 class=\"elementor-image-box-title\">Caravana B2B<\/h3><p class=\"elementor-image-box-description\">\u00bfAre you a buyer?\nDiscover our latest collections in our online catalogue.<br\/><br\/>\u00bfEres comprador profesional? Descubre nuestro cat\u00e1logo virtual con las colecciones para mayoreo.<\/p><\/div><\/div>\t\t\t\t<\/div>\n\t\t\t\t<\/div>\n\t\t\t\t<div class=\"elementor-element elementor-element-1866bd6 elementor-align-center elementor-widget elementor-widget-button\" data-id=\"1866bd6\" data-element_type=\"widget\" data-widget_type=\"button.default\">\n\t\t\t\t<div class=\"elementor-widget-container\">\n\t\t\t\t\t\t\t\t\t<div class=\"elementor-button-wrapper\">\n\t\t\t\t\t<a class=\"elementor-button elementor-button-link elementor-size-sm\" href=\"https:\/\/instagram.com\/solanabeachwear?igshid=OGQ5ZDc2ODk2ZA==\" target=\"_blank\">\n\t\t\t\t\t\t<span class=\"elementor-button-content-wrapper\">\n\t\t\t\t\t\t\t\t\t<span class=\"elementor-button-text\">ORDER \/ ORDENA<\/span>\n\t\t\t\t\t<\/span>\n\t\t\t\t\t<\/a>\n\t\t\t\t<\/div>\n\t\t\t\t\t\t\t\t<\/div>\n\t\t\t\t<\/div>\n\t\t\t\t<div class=\"elementor-element elementor-element-a098965 elementor-hidden-desktop elementor-widget-divider--view-line elementor-widget elementor-widget-divider\" data-id=\"a098965\" data-element_type=\"widget\" data-widget_type=\"divider.default\">\n\t\t\t\t<div class=\"elementor-widget-container\">\n\t\t\t\t\t\t\t<div class=\"elementor-divider\">\n\t\t\t<span class=\"elementor-divider-separator\">\n\t\t\t\t\t\t<\/span>\n\t\t<\/div>\n\t\t\t\t\t\t<\/div>\n\t\t\t\t<\/div>\n\t\t\t\t\t<\/div>\n\t\t<\/div>\n\t\t\t\t<div class=\"elementor-column elementor-col-50 elementor-top-column elementor-element elementor-element-81f1721\" data-id=\"81f1721\" data-element_type=\"column\">\n\t\t\t<div class=\"elementor-widget-wrap elementor-element-populated\">\n\t\t\t\t\t\t<div class=\"elementor-element elementor-element-6320d69 elementor-widget elementor-widget-image-box\" data-id=\"6320d69\" data-element_type=\"widget\" data-widget_type=\"image-box.default\">\n\t\t\t\t<div class=\"elementor-widget-container\">\n\t\t\t\t\t<div class=\"elementor-image-box-wrapper\"><div class=\"elementor-image-box-content\"><h3 class=\"elementor-image-box-title\">Our Website<\/h3><p class=\"elementor-image-box-description\">Learn more about us on our website.<br\/><br\/>Conoce m\u00e1s acerca de nosotros en nuestra p\u00e1gina web.\u200b<\/p><\/div><\/div>\t\t\t\t<\/div>\n\t\t\t\t<\/div>\n\t\t\t\t<div class=\"elementor-element elementor-element-79205f3 elementor-hidden-tablet elementor-hidden-phone elementor-widget elementor-widget-spacer\" data-id=\"79205f3\" data-element_type=\"widget\" data-widget_type=\"spacer.default\">\n\t\t\t\t<div class=\"elementor-widget-container\">\n\t\t\t\t\t\t\t<div class=\"elementor-spacer\">\n\t\t\t<div class=\"elementor-spacer-inner\"><\/div>\n\t\t<\/div>\n\t\t\t\t\t\t<\/div>\n\t\t\t\t<\/div>\n\t\t\t\t<div class=\"elementor-element elementor-element-0825902 elementor-align-center elementor-widget elementor-widget-button\" data-id=\"0825902\" data-element_type=\"widget\" data-widget_type=\"button.default\">\n\t\t\t\t<div class=\"elementor-widget-container\">\n\t\t\t\t\t\t\t\t\t<div class=\"elementor-button-wrapper\">\n\t\t\t\t\t<a class=\"elementor-button elementor-button-link elementor-size-sm\" href=\"https:\/\/baniartesanal.com\/\" target=\"_blank\">\n\t\t\t\t\t\t<span class=\"elementor-button-content-wrapper\">\n\t\t\t\t\t\t\t\t\t<span class=\"elementor-button-text\">VISIT \/ VISITAR<\/span>\n\t\t\t\t\t<\/span>\n\t\t\t\t\t<\/a>\n\t\t\t\t<\/div>\n\t\t\t\t\t\t\t\t<\/div>\n\t\t\t\t<\/div>\n\t\t\t\t<div class=\"elementor-element elementor-element-f94e3f1 elementor-hidden-desktop elementor-widget-divider--view-line elementor-widget elementor-widget-divider\" data-id=\"f94e3f1\" data-element_type=\"widget\" data-widget_type=\"divider.default\">\n\t\t\t\t<div class=\"elementor-widget-container\">\n\t\t\t\t\t\t\t<div class=\"elementor-divider\">\n\t\t\t<span class=\"elementor-divider-separator\">\n\t\t\t\t\t\t<\/span>\n\t\t<\/div>\n\t\t\t\t\t\t<\/div>\n\t\t\t\t<\/div>\n\t\t\t\t\t<\/div>\n\t\t<\/div>\n\t\t\t\t\t<\/div>\n\t\t<\/section>\n\t\t\t\t<\/div>\n\t\t","protected":false},"excerpt":{"rendered":"<p>Solana Beachwear MODA &#8211; FASHION Solana es una marca para las amantes de la playa y se enfoca en trenzar las filosof\u00edas de slow fashion, responsabilidad social y consciencia ambiental.Trabajamos con varias comunidades de artesanos en M\u00e9xico para ayudar a preservar el arte antiguo y la tradici\u00f3n.Solana no est\u00e1 enfocado en tendencias y producci\u00f3n masiva. [&hellip;]<\/p>\n","protected":false},"author":7,"featured_media":0,"parent":0,"menu_order":0,"comment_status":"closed","ping_status":"closed","template":"elementor_header_footer","meta":{"footnotes":""},"class_list":["post-10891","page","type-page","status-publish","hentry"],"translation":{"provider":"WPGlobus","version":"3.0.0","language":"en","enabled_languages":["es","en"],"languages":{"es":{"title":true,"content":true,"excerpt":false},"en":{"title":false,"content":false,"excerpt":false}}},"aioseo_notices":[],"_links":{"self":[{"href":"https:\/\/caravanaamericana.com\/en\/wp-json\/wp\/v2\/pages\/10891","targetHints":{"allow":["GET"]}}],"collection":[{"href":"https:\/\/caravanaamericana.com\/en\/wp-json\/wp\/v2\/pages"}],"about":[{"href":"https:\/\/caravanaamericana.com\/en\/wp-json\/wp\/v2\/types\/page"}],"author":[{"embeddable":true,"href":"https:\/\/caravanaamericana.com\/en\/wp-json\/wp\/v2\/users\/7"}],"replies":[{"embeddable":true,"href":"https:\/\/caravanaamericana.com\/en\/wp-json\/wp\/v2\/comments?post=10891"}],"version-history":[{"count":13,"href":"https:\/\/caravanaamericana.com\/en\/wp-json\/wp\/v2\/pages\/10891\/revisions"}],"predecessor-version":[{"id":12368,"href":"https:\/\/caravanaamericana.com\/en\/wp-json\/wp\/v2\/pages\/10891\/revisions\/12368"}],"wp:attachment":[{"href":"https:\/\/caravanaamericana.com\/en\/wp-json\/wp\/v2\/media?parent=10891"}],"curies":[{"name":"wp","href":"https:\/\/api.w.org\/{rel}","templated":true}]}}