{"id":12137,"date":"2023-09-29T14:14:06","date_gmt":"2023-09-29T19:14:06","guid":{"rendered":"https:\/\/caravanaamericana.com\/?page_id=12137"},"modified":"2023-09-29T14:21:40","modified_gmt":"2023-09-29T19:21:40","slug":"mys-wellness-caravana-15","status":"publish","type":"page","link":"https:\/\/caravanaamericana.com\/en\/mys-wellness-caravana-15\/","title":{"rendered":"MYS WELLNESS CARAVANA 15"},"content":{"rendered":"\t\t<div data-elementor-type=\"wp-page\" data-elementor-id=\"12137\" class=\"elementor elementor-12137\">\n\t\t\t\t\t\t<section class=\"elementor-section elementor-top-section elementor-element elementor-element-eb4ca1d elementor-section-stretched elementor-section-full_width elementor-section-height-default elementor-section-height-default\" data-id=\"eb4ca1d\" data-element_type=\"section\" data-settings=\"{&quot;stretch_section&quot;:&quot;section-stretched&quot;}\">\n\t\t\t\t\t\t<div class=\"elementor-container elementor-column-gap-default\">\n\t\t\t\t\t<div class=\"elementor-column elementor-col-100 elementor-top-column elementor-element elementor-element-35d8111\" data-id=\"35d8111\" data-element_type=\"column\">\n\t\t\t<div class=\"elementor-widget-wrap elementor-element-populated\">\n\t\t\t\t\t\t<div class=\"elementor-element elementor-element-50c3851 elementor-widget elementor-widget-image\" data-id=\"50c3851\" data-element_type=\"widget\" data-widget_type=\"image.default\">\n\t\t\t\t<div class=\"elementor-widget-container\">\n\t\t\t\t\t\t\t\t\t\t\t\t\t\t\t<img decoding=\"async\" src=\"https:\/\/caravanaamericana.com\/wp-content\/uploads\/elementor\/thumbs\/Portada-disenadores-r5l10fcanic7g2w1oj2oxwht4th2mhz8817kvkglu0.png\" title=\"Portada-dise\u00f1adores\" alt=\"Portada-dise\u00f1adores\" loading=\"lazy\" \/>\t\t\t\t\t\t\t\t\t\t\t\t\t\t\t<\/div>\n\t\t\t\t<\/div>\n\t\t\t\t\t<\/div>\n\t\t<\/div>\n\t\t\t\t\t<\/div>\n\t\t<\/section>\n\t\t\t\t<section class=\"elementor-section elementor-top-section elementor-element elementor-element-97cf721 elementor-section-boxed elementor-section-height-default elementor-section-height-default\" data-id=\"97cf721\" data-element_type=\"section\" data-settings=\"{&quot;background_background&quot;:&quot;classic&quot;}\">\n\t\t\t\t\t\t<div class=\"elementor-container elementor-column-gap-default\">\n\t\t\t\t\t<div class=\"elementor-column elementor-col-100 elementor-top-column elementor-element elementor-element-d8cb6aa\" data-id=\"d8cb6aa\" data-element_type=\"column\">\n\t\t\t<div class=\"elementor-widget-wrap elementor-element-populated\">\n\t\t\t\t\t\t<div class=\"elementor-element elementor-element-7f9b666 elementor-widget elementor-widget-heading\" data-id=\"7f9b666\" data-element_type=\"widget\" data-widget_type=\"heading.default\">\n\t\t\t\t<div class=\"elementor-widget-container\">\n\t\t\t\t\t<h2 class=\"elementor-heading-title elementor-size-default\">MYS WELLNESS<\/h2>\t\t\t\t<\/div>\n\t\t\t\t<\/div>\n\t\t\t\t<div class=\"elementor-element elementor-element-fd11800 elementor-widget elementor-widget-heading\" data-id=\"fd11800\" data-element_type=\"widget\" data-widget_type=\"heading.default\">\n\t\t\t\t<div class=\"elementor-widget-container\">\n\t\t\t\t\t<h2 class=\"elementor-heading-title elementor-size-default\">COSM\u00c9TICOS - COSMETICS<\/h2>\t\t\t\t<\/div>\n\t\t\t\t<\/div>\n\t\t\t\t\t<\/div>\n\t\t<\/div>\n\t\t\t\t\t<\/div>\n\t\t<\/section>\n\t\t\t\t<section class=\"elementor-section elementor-top-section elementor-element elementor-element-87f8e3a elementor-section-boxed elementor-section-height-default elementor-section-height-default\" data-id=\"87f8e3a\" data-element_type=\"section\">\n\t\t\t\t\t\t<div class=\"elementor-container elementor-column-gap-default\">\n\t\t\t\t\t<div class=\"elementor-column elementor-col-50 elementor-top-column elementor-element elementor-element-2fde66f\" data-id=\"2fde66f\" data-element_type=\"column\">\n\t\t\t<div class=\"elementor-widget-wrap elementor-element-populated\">\n\t\t\t\t\t\t<div class=\"elementor-element elementor-element-4da6470 elementor-widget elementor-widget-text-editor\" data-id=\"4da6470\" data-element_type=\"widget\" data-widget_type=\"text-editor.default\">\n\t\t\t\t<div class=\"elementor-widget-container\">\n\t\t\t\t\t\t\t\t\t<p>La experiencia n\u00f3rdica de bienestar, calidez y acogimiento en una amplia propuesta de productos de lujo para el bienestar y art\u00edculos para el hogar. Consta de cuatro colecciones permanentes, cada una con una personalidad \u00fanica, destacando colores y aromas que rinden homenaje a las diferentes estaciones del a\u00f1o.<\/p><p>Nuestra l\u00ednea dise\u00f1ada y producida en M\u00e9xico, est\u00e1 enfocada en crear un ambiente acogedor y relajante en el hogar.<\/p><p>Utilizamos materiales lucidos y de alta calidad como la resina, e ingredientes 100% naturales, cuidando mucho la est\u00e9tica y el aroma que proporciona cada producto. El cat\u00e1logo incluye velas (Small, XL y XXL), difusores (el\u00e9ctricos y en stick), aromaterapia, aceite corporal, room spray y jab\u00f3n y crema de manos.<\/p>\t\t\t\t\t\t\t\t<\/div>\n\t\t\t\t<\/div>\n\t\t\t\t\t<\/div>\n\t\t<\/div>\n\t\t\t\t<div class=\"elementor-column elementor-col-50 elementor-top-column elementor-element elementor-element-1fc5336\" data-id=\"1fc5336\" data-element_type=\"column\">\n\t\t\t<div class=\"elementor-widget-wrap elementor-element-populated\">\n\t\t\t\t\t\t<div class=\"elementor-element elementor-element-5f01463 elementor-widget elementor-widget-text-editor\" data-id=\"5f01463\" data-element_type=\"widget\" data-widget_type=\"text-editor.default\">\n\t\t\t\t<div class=\"elementor-widget-container\">\n\t\t\t\t\t\t\t\t\t<p>The Nordic experience of well-being, warmth, and coziness in a wide range of luxury wellness products and home goods. The release consists of four permanent collections. Each one with a unique personality, starring colors and aromas that pay tribute to the different seasons of the year.<\/p><p>Our line, designed and produced in Mexico, is focused on creating a cozy and relaxing atmosphere at home.<\/p><p>We use elegant and high-quality materials such as resin, along with 100% natural ingredients, paying close attention to the aesthetics and the aroma provided by each product. The catalog includes candles (Small, XL, and XXL), diffusers (electric and stick), aromatherapy, body oil, room spray, and hand soap and cream.<\/p>\t\t\t\t\t\t\t\t<\/div>\n\t\t\t\t<\/div>\n\t\t\t\t\t<\/div>\n\t\t<\/div>\n\t\t\t\t\t<\/div>\n\t\t<\/section>\n\t\t\t\t<section class=\"elementor-section elementor-top-section elementor-element elementor-element-c5e55d8 elementor-section-stretched elementor-section-full_width elementor-section-height-default elementor-section-height-default\" data-id=\"c5e55d8\" data-element_type=\"section\" data-settings=\"{&quot;stretch_section&quot;:&quot;section-stretched&quot;}\">\n\t\t\t\t\t\t<div class=\"elementor-container elementor-column-gap-default\">\n\t\t\t\t\t<div class=\"elementor-column elementor-col-100 elementor-top-column elementor-element elementor-element-f1a3f35\" data-id=\"f1a3f35\" data-element_type=\"column\">\n\t\t\t<div class=\"elementor-widget-wrap elementor-element-populated\">\n\t\t\t\t\t\t<div class=\"elementor-element elementor-element-34c134f image_carousel elementor-arrows-position-inside elementor-widget elementor-widget-image-carousel\" data-id=\"34c134f\" data-element_type=\"widget\" data-settings=\"{&quot;slides_to_show&quot;:&quot;3&quot;,&quot;navigation&quot;:&quot;arrows&quot;,&quot;autoplay&quot;:&quot;yes&quot;,&quot;pause_on_hover&quot;:&quot;yes&quot;,&quot;pause_on_interaction&quot;:&quot;yes&quot;,&quot;autoplay_speed&quot;:5000,&quot;infinite&quot;:&quot;yes&quot;,&quot;speed&quot;:500}\" data-widget_type=\"image-carousel.default\">\n\t\t\t\t<div class=\"elementor-widget-container\">\n\t\t\t\t\t\t\t<div class=\"elementor-image-carousel-wrapper swiper\" role=\"region\" aria-roledescription=\"carousel\" aria-label=\"Image Carousel\" dir=\"ltr\">\n\t\t\t<div class=\"elementor-image-carousel swiper-wrapper swiper-image-stretch\" aria-live=\"off\">\n\t\t\t\t\t\t\t\t<div class=\"swiper-slide\" role=\"group\" aria-roledescription=\"slide\" aria-label=\"1 of 5\"><figure class=\"swiper-slide-inner\"><img decoding=\"async\" class=\"swiper-slide-image\" src=\"https:\/\/caravanaamericana.com\/wp-content\/uploads\/2023\/09\/01_Mys_Vela-XXL_Coleccion-Otono.png\" alt=\"01_Mys_Vela XXL_Colecci\u00f3n Oto\u00f1o\" \/><\/figure><\/div><div class=\"swiper-slide\" role=\"group\" aria-roledescription=\"slide\" aria-label=\"2 of 5\"><figure class=\"swiper-slide-inner\"><img decoding=\"async\" class=\"swiper-slide-image\" src=\"https:\/\/caravanaamericana.com\/wp-content\/uploads\/2023\/09\/02_Mys_Difusor-Electrico_Coleccion-Invierno.png\" alt=\"02_Mys_Difusor El\u00e9ctrico_Colecci\u00f3n Invierno\" \/><\/figure><\/div><div class=\"swiper-slide\" role=\"group\" aria-roledescription=\"slide\" aria-label=\"3 of 5\"><figure class=\"swiper-slide-inner\"><img decoding=\"async\" class=\"swiper-slide-image\" src=\"https:\/\/caravanaamericana.com\/wp-content\/uploads\/2023\/09\/05_Mys_Crema-de-manos_Coleccion-Otono.png\" alt=\"05_Mys_Crema de manos_Colecci\u00f3n Oto\u00f1o\" \/><\/figure><\/div><div class=\"swiper-slide\" role=\"group\" aria-roledescription=\"slide\" aria-label=\"4 of 5\"><figure class=\"swiper-slide-inner\"><img decoding=\"async\" class=\"swiper-slide-image\" src=\"https:\/\/caravanaamericana.com\/wp-content\/uploads\/2023\/09\/03_Mys_Vela-Ch_Coleccion-Spring.png\" alt=\"03_Mys_Vela Ch_Colecci\u00f3n Spring\" \/><\/figure><\/div><div class=\"swiper-slide\" role=\"group\" aria-roledescription=\"slide\" aria-label=\"5 of 5\"><figure class=\"swiper-slide-inner\"><img decoding=\"async\" class=\"swiper-slide-image\" src=\"https:\/\/caravanaamericana.com\/wp-content\/uploads\/2023\/09\/04_Mys_Porta-Esencoas_Coleccion-Otono.png\" alt=\"04_Mys_Porta Esencoas_Colecci\u00f3n Oto\u00f1o\" \/><\/figure><\/div>\t\t\t<\/div>\n\t\t\t\t\t\t\t\t\t\t\t\t<div class=\"elementor-swiper-button elementor-swiper-button-prev\" role=\"button\" tabindex=\"0\">\n\t\t\t\t\t\t<i aria-hidden=\"true\" class=\"eicon-chevron-left\"><\/i>\t\t\t\t\t<\/div>\n\t\t\t\t\t<div class=\"elementor-swiper-button elementor-swiper-button-next\" role=\"button\" tabindex=\"0\">\n\t\t\t\t\t\t<i aria-hidden=\"true\" class=\"eicon-chevron-right\"><\/i>\t\t\t\t\t<\/div>\n\t\t\t\t\n\t\t\t\t\t\t\t\t\t<\/div>\n\t\t\t\t\t\t<\/div>\n\t\t\t\t<\/div>\n\t\t\t\t\t<\/div>\n\t\t<\/div>\n\t\t\t\t\t<\/div>\n\t\t<\/section>\n\t\t\t\t<section class=\"elementor-section elementor-top-section elementor-element elementor-element-38e86bb elementor-section-boxed elementor-section-height-default elementor-section-height-default\" data-id=\"38e86bb\" data-element_type=\"section\">\n\t\t\t\t\t\t<div class=\"elementor-container elementor-column-gap-default\">\n\t\t\t\t\t<div class=\"elementor-column elementor-col-50 elementor-top-column elementor-element elementor-element-ca1bdd4\" data-id=\"ca1bdd4\" data-element_type=\"column\">\n\t\t\t<div class=\"elementor-widget-wrap elementor-element-populated\">\n\t\t\t\t\t\t<div class=\"elementor-element elementor-element-0c0f63a elementor-widget elementor-widget-image-box\" data-id=\"0c0f63a\" data-element_type=\"widget\" data-widget_type=\"image-box.default\">\n\t\t\t\t<div class=\"elementor-widget-container\">\n\t\t\t\t\t<div class=\"elementor-image-box-wrapper\"><div class=\"elementor-image-box-content\"><h3 class=\"elementor-image-box-title\">Caravana B2B<\/h3><p class=\"elementor-image-box-description\">\u00bfAre you a buyer?\nDiscover our latest collections in our online catalogue.<br\/><br\/>\u00bfEres comprador profesional? Descubre nuestro cat\u00e1logo virtual con las colecciones para mayoreo.<\/p><\/div><\/div>\t\t\t\t<\/div>\n\t\t\t\t<\/div>\n\t\t\t\t<div class=\"elementor-element elementor-element-1866bd6 elementor-align-center elementor-widget elementor-widget-button\" data-id=\"1866bd6\" data-element_type=\"widget\" data-widget_type=\"button.default\">\n\t\t\t\t<div class=\"elementor-widget-container\">\n\t\t\t\t\t\t\t\t\t<div class=\"elementor-button-wrapper\">\n\t\t\t\t\t<a class=\"elementor-button elementor-button-link elementor-size-sm\" href=\"http:\/\/www.brandboom.com\/app\/a\/E5DA4C29704\" target=\"_blank\">\n\t\t\t\t\t\t<span class=\"elementor-button-content-wrapper\">\n\t\t\t\t\t\t\t\t\t<span class=\"elementor-button-text\">ORDER \/ ORDENA<\/span>\n\t\t\t\t\t<\/span>\n\t\t\t\t\t<\/a>\n\t\t\t\t<\/div>\n\t\t\t\t\t\t\t\t<\/div>\n\t\t\t\t<\/div>\n\t\t\t\t<div class=\"elementor-element elementor-element-a098965 elementor-hidden-desktop elementor-widget-divider--view-line elementor-widget elementor-widget-divider\" data-id=\"a098965\" data-element_type=\"widget\" data-widget_type=\"divider.default\">\n\t\t\t\t<div class=\"elementor-widget-container\">\n\t\t\t\t\t\t\t<div class=\"elementor-divider\">\n\t\t\t<span class=\"elementor-divider-separator\">\n\t\t\t\t\t\t<\/span>\n\t\t<\/div>\n\t\t\t\t\t\t<\/div>\n\t\t\t\t<\/div>\n\t\t\t\t\t<\/div>\n\t\t<\/div>\n\t\t\t\t<div class=\"elementor-column elementor-col-50 elementor-top-column elementor-element elementor-element-81f1721\" data-id=\"81f1721\" data-element_type=\"column\">\n\t\t\t<div class=\"elementor-widget-wrap elementor-element-populated\">\n\t\t\t\t\t\t<div class=\"elementor-element elementor-element-6320d69 elementor-widget elementor-widget-image-box\" data-id=\"6320d69\" data-element_type=\"widget\" data-widget_type=\"image-box.default\">\n\t\t\t\t<div class=\"elementor-widget-container\">\n\t\t\t\t\t<div class=\"elementor-image-box-wrapper\"><div class=\"elementor-image-box-content\"><h3 class=\"elementor-image-box-title\">Our Website<\/h3><p class=\"elementor-image-box-description\">Learn more about us on our website.<br\/><br\/>Conoce m\u00e1s acerca de nosotros en nuestra p\u00e1gina web.\u200b<\/p><\/div><\/div>\t\t\t\t<\/div>\n\t\t\t\t<\/div>\n\t\t\t\t<div class=\"elementor-element elementor-element-79205f3 elementor-hidden-tablet elementor-hidden-phone elementor-widget elementor-widget-spacer\" data-id=\"79205f3\" data-element_type=\"widget\" data-widget_type=\"spacer.default\">\n\t\t\t\t<div class=\"elementor-widget-container\">\n\t\t\t\t\t\t\t<div class=\"elementor-spacer\">\n\t\t\t<div class=\"elementor-spacer-inner\"><\/div>\n\t\t<\/div>\n\t\t\t\t\t\t<\/div>\n\t\t\t\t<\/div>\n\t\t\t\t<div class=\"elementor-element elementor-element-0825902 elementor-align-center elementor-widget elementor-widget-button\" data-id=\"0825902\" data-element_type=\"widget\" data-widget_type=\"button.default\">\n\t\t\t\t<div class=\"elementor-widget-container\">\n\t\t\t\t\t\t\t\t\t<div class=\"elementor-button-wrapper\">\n\t\t\t\t\t<a class=\"elementor-button elementor-button-link elementor-size-sm\" href=\"http:\/\/www.myswellness.com\" target=\"_blank\">\n\t\t\t\t\t\t<span class=\"elementor-button-content-wrapper\">\n\t\t\t\t\t\t\t\t\t<span class=\"elementor-button-text\">VISIT \/ VISITAR<\/span>\n\t\t\t\t\t<\/span>\n\t\t\t\t\t<\/a>\n\t\t\t\t<\/div>\n\t\t\t\t\t\t\t\t<\/div>\n\t\t\t\t<\/div>\n\t\t\t\t<div class=\"elementor-element elementor-element-f94e3f1 elementor-hidden-desktop elementor-widget-divider--view-line elementor-widget elementor-widget-divider\" data-id=\"f94e3f1\" data-element_type=\"widget\" data-widget_type=\"divider.default\">\n\t\t\t\t<div class=\"elementor-widget-container\">\n\t\t\t\t\t\t\t<div class=\"elementor-divider\">\n\t\t\t<span class=\"elementor-divider-separator\">\n\t\t\t\t\t\t<\/span>\n\t\t<\/div>\n\t\t\t\t\t\t<\/div>\n\t\t\t\t<\/div>\n\t\t\t\t\t<\/div>\n\t\t<\/div>\n\t\t\t\t\t<\/div>\n\t\t<\/section>\n\t\t\t\t<\/div>\n\t\t","protected":false},"excerpt":{"rendered":"<p>MYS WELLNESS COSM\u00c9TICOS &#8211; COSMETICS La experiencia n\u00f3rdica de bienestar, calidez y acogimiento en una amplia propuesta de productos de lujo para el bienestar y art\u00edculos para el hogar. Consta de cuatro colecciones permanentes, cada una con una personalidad \u00fanica, destacando colores y aromas que rinden homenaje a las diferentes estaciones del a\u00f1o. Nuestra l\u00ednea [&hellip;]<\/p>\n","protected":false},"author":7,"featured_media":0,"parent":0,"menu_order":0,"comment_status":"closed","ping_status":"closed","template":"elementor_header_footer","meta":{"footnotes":""},"class_list":["post-12137","page","type-page","status-publish","hentry"],"translation":{"provider":"WPGlobus","version":"3.0.0","language":"en","enabled_languages":["es","en"],"languages":{"es":{"title":true,"content":true,"excerpt":false},"en":{"title":false,"content":false,"excerpt":false}}},"aioseo_notices":[],"_links":{"self":[{"href":"https:\/\/caravanaamericana.com\/en\/wp-json\/wp\/v2\/pages\/12137","targetHints":{"allow":["GET"]}}],"collection":[{"href":"https:\/\/caravanaamericana.com\/en\/wp-json\/wp\/v2\/pages"}],"about":[{"href":"https:\/\/caravanaamericana.com\/en\/wp-json\/wp\/v2\/types\/page"}],"author":[{"embeddable":true,"href":"https:\/\/caravanaamericana.com\/en\/wp-json\/wp\/v2\/users\/7"}],"replies":[{"embeddable":true,"href":"https:\/\/caravanaamericana.com\/en\/wp-json\/wp\/v2\/comments?post=12137"}],"version-history":[{"count":4,"href":"https:\/\/caravanaamericana.com\/en\/wp-json\/wp\/v2\/pages\/12137\/revisions"}],"predecessor-version":[{"id":12152,"href":"https:\/\/caravanaamericana.com\/en\/wp-json\/wp\/v2\/pages\/12137\/revisions\/12152"}],"wp:attachment":[{"href":"https:\/\/caravanaamericana.com\/en\/wp-json\/wp\/v2\/media?parent=12137"}],"curies":[{"name":"wp","href":"https:\/\/api.w.org\/{rel}","templated":true}]}}