{"id":18,"date":"2019-06-20T15:22:20","date_gmt":"2019-06-20T15:22:20","guid":{"rendered":"http:\/\/caravanaamericana.com\/?page_id=18"},"modified":"2025-05-11T10:35:24","modified_gmt":"2025-05-11T15:35:24","slug":"home","status":"publish","type":"page","link":"https:\/\/caravanaamericana.com\/en\/","title":{"rendered":"Home"},"content":{"rendered":"<div style=\"width: 640px;\" class=\"wp-video\"><video class=\"wp-video-shortcode\" id=\"video-18-1\" width=\"640\" height=\"360\" preload=\"metadata\" controls=\"controls\"><source type=\"video\/mp4\" src=\"https:\/\/caravanaamericana.com\/wp-content\/uploads\/2022\/05\/WEB_HOME_ESP.mp4?_=1\" \/><a href=\"https:\/\/caravanaamericana.com\/wp-content\/uploads\/2022\/05\/WEB_HOME_ESP.mp4\">https:\/\/caravanaamericana.com\/wp-content\/uploads\/2022\/05\/WEB_HOME_ESP.mp4<\/a><\/video><\/div>\n<h2><a href=\"https:\/\/caravanaamericana.com\/en\/caravana-destination\/\"><u>CARAVANA DESTINATION \u2022 ART WEEK, CDMX<br \/>\n-DEL 8 AL 11 DE FEBRERO \u2022 2024<br \/>\n<\/u><\/a><\/h2>\n<p>\t\t\t\t\t<a href=\"https:\/\/caravanaamericana.typeform.com\/EXPDEST1222\" target=\"_blank\"><br \/>\n\t\t\t\t\t\t\t\t\tREGISTRO EXPOSITORES <br \/>CARAVANA DESTINATION \u2022 LOS CABOS <BR\/> 10 &#8211; 11 DICIEMBRE<br \/>\n\t\t\t\t\t<\/a><br \/>\n\t\t\t\t\t<a href=\"https:\/\/caravanaamericana.typeform.com\/EXPCA170223\" target=\"_blank\"><br \/>\n\t\t\t\t\t\t\t\t\tREGISTRO EXPOSITORES <br \/> CARAVANA AMERICANA \u2022 CAMPO MARTE, CDMX  <br \/> 17 &#8211; 19 FEBRERO<br \/>\n\t\t\t\t\t<\/a><br \/>\n\t\t\t\t\t<a href=\"https:\/\/caravanaamericana.com\/buyers\/\"><br \/>\n\t\t\t\t\t\t\t\t\tBUYERS \/ COMPRADORES<br \/>\n\t\t\t\t\t<\/a><br \/>\n\t\t\t\t\t<a href=\"https:\/\/www.instagram.com\/caravanaam\/\" target=\"_blank\" rel=\"nofollow\"><br \/>\n\t\t\t\t\t\t\t\t\tFOLLOW US \/ S\u00cdGUENOS<br \/>\n\t\t\t\t\t<\/a><br \/>\n\t\t\t\t\t<a href=\"https:\/\/caravanaamericana.com\/en\/caravana-destination\/\"><br \/>\n\t\t\t\t\t\t\t\t\tDESIGNERS LIST \/ DISE\u00d1ADORES<br \/>\n\t\t\t\t\t<\/a><br \/>\n\t\t\t\t\t<a href=\"https:\/\/caravanaamericana.com\/registro\/\"><br \/>\n\t\t\t\t\t\t\t\t\tENROL \/ REG\u00cdSTRATE<br \/>\n\t\t\t\t\t<\/a><br \/>\n\t\t\t\t\t<a href=\"#\" target=\"_blank\"><br \/>\n\t\t\t\t\t\t\t\t\tCOMPRA AHORA \/ ONLINE SHOP<br \/>\n\t\t\t\t\t<\/a><br \/>\n\t\t\t\t\t<a href=\"#prensa\"><br \/>\n\t\t\t\t\t\t\t\t\tPRENSA \/ PRESS<br \/>\n\t\t\t\t\t<\/a><\/p>\n<h3>Designers<\/h3>\n<p>All you need to know about our featured designers.<\/p>\n<p>Todo lo que necesitas saber sobre nuestros dise\u00f1adores.<\/p>\n<p>\t\t\t\t\t<a href=\"https:\/\/caravanaamericana.com\/disenadores\/\" target=\"_blank\"><br \/>\n\t\t\t\t\t\t\t\t\tLIST \/ LISTA<br \/>\n\t\t\t\t\t<\/a><\/p>\n<h3>Caravana Talks<\/h3>\n<p>Watch all Caravana Talks in our YouTube channel.<\/p>\n<p>Puedes ver todos los Caravana Talks en nuestro canal de YouTube.<\/p>\n<p>\t\t\t\t\t<a href=\"https:\/\/www.youtube.com\/Caravanaamericana\" target=\"_blank\"><br \/>\n\t\t\t\t\t\t\t\t\tVISIT \/ VISITAR<br \/>\n\t\t\t\t\t<\/a><\/p>\n<h3>Caravana B2B<\/h3>\n<p>Are you a buyer?<br \/>\nDiscover our latest collections in our online catalogue.<\/p>\n<p>\u00bfEres comprador profesional? Descubre nuestro cat\u00e1logo virtual con las colecciones para mayoreo.<\/p>\n<p>\t\t\t\t\t<a href=\"http:\/\/www.brandboom.com\/caravanaamericana\/a\/C202496443A\" target=\"_blank\"><br \/>\n\t\t\t\t\t\t\t\t\tLINE SHEETS<br \/>\n\t\t\t\t\t<\/a><\/p>\n<h3>Caravana Market<\/h3>\n<p>Buy our special selection of products at Caravana Resort\u00b4s temporary online store.<\/p>\n<p>Compra nuestros best-sellers en la tienda en l\u00ednea temporal de Caravana Resort.<\/p>\n<p>\t\t\t\t\t<a href=\"https:\/\/caravanamarket.com\/\" target=\"_blank\"><br \/>\n\t\t\t\t\t\t\t\t\tBUY \/ COMPRAR<br \/>\n\t\t\t\t\t<\/a><\/p>\n<h2><a href=\"#\">AGENDA<\/a><\/h2>\n<h2><\/h2>\n<h2><a href=\"#\">CONVOCATORIA ABIERTA<\/a><\/h2>\n<h2>ENV\u00cdA TU TRABAJO PARA SU CONSIDERACI\u00d3N<\/h2>\n<p>\t\t\t\t\t<a href=\"https:\/\/caravanaamericana.com\/regexpositores\/\"><br \/>\n\t\t\t\t\t\t\t\t\tREG\u00cdSTRATE<br \/>\n\t\t\t\t\t<\/a><br \/>\n\t\t\t\t\t\t\t\t<a data-elementor-open-lightbox=\"yes\" data-elementor-lightbox-slideshow=\"c5761d2\" data-elementor-lightbox-title=\"1.Bamboleira\" data-e-action-hash=\"#elementor-action%3Aaction%3Dlightbox%26settings%3DeyJpZCI6OTIzMSwidXJsIjoiaHR0cHM6XC9cL2NhcmF2YW5hYW1lcmljYW5hLmNvbVwvd3AtY29udGVudFwvdXBsb2Fkc1wvMjAyM1wvMDJcLzEuQmFtYm9sZWlyYS5qcGciLCJzbGlkZXNob3ciOiJjNTc2MWQyIn0%3D\" href=\"https:\/\/caravanaamericana.com\/disenadores-caravana-14\/\"><\/p>\n<figure><img decoding=\"async\" src=\"https:\/\/caravanaamericana.com\/wp-content\/uploads\/2023\/02\/1.Bamboleira.jpg\" alt=\"BAMBOLEIRA\" \/><figcaption>BAMBOLEIRA<\/figcaption><\/figure>\n<p><\/a><a data-elementor-open-lightbox=\"yes\" data-elementor-lightbox-slideshow=\"c5761d2\" data-elementor-lightbox-title=\"3.-Eterea\" data-e-action-hash=\"#elementor-action%3Aaction%3Dlightbox%26settings%3DeyJpZCI6OTIzMywidXJsIjoiaHR0cHM6XC9cL2NhcmF2YW5hYW1lcmljYW5hLmNvbVwvd3AtY29udGVudFwvdXBsb2Fkc1wvMjAyM1wvMDJcLzMuLUV0ZXJlYS5qcGciLCJzbGlkZXNob3ciOiJjNTc2MWQyIn0%3D\" href=\"https:\/\/caravanaamericana.com\/disenadores-caravana-14\/\"><\/p>\n<figure><img decoding=\"async\" src=\"https:\/\/caravanaamericana.com\/wp-content\/uploads\/2023\/02\/3.-Eterea.jpg\" alt=\"ETEREA\" \/><figcaption>ETEREA<\/figcaption><\/figure>\n<p><\/a><a data-elementor-open-lightbox=\"yes\" data-elementor-lightbox-slideshow=\"c5761d2\" data-elementor-lightbox-title=\"4. Luum\" data-e-action-hash=\"#elementor-action%3Aaction%3Dlightbox%26settings%3DeyJpZCI6OTIzNCwidXJsIjoiaHR0cHM6XC9cL2NhcmF2YW5hYW1lcmljYW5hLmNvbVwvd3AtY29udGVudFwvdXBsb2Fkc1wvMjAyM1wvMDJcLzQuLUx1dW0uanBnIiwic2xpZGVzaG93IjoiYzU3NjFkMiJ9\" href=\"https:\/\/caravanaamericana.com\/disenadores-caravana-14\/\"><\/p>\n<figure><img decoding=\"async\" src=\"https:\/\/caravanaamericana.com\/wp-content\/uploads\/2023\/02\/4.-Luum.jpg\" alt=\"LUMM\" \/><figcaption>LUMM<\/figcaption><\/figure>\n<p><\/a><a data-elementor-open-lightbox=\"yes\" data-elementor-lightbox-slideshow=\"c5761d2\" data-elementor-lightbox-title=\"2.Bani-Artesanal\" data-e-action-hash=\"#elementor-action%3Aaction%3Dlightbox%26settings%3DeyJpZCI6OTIzMiwidXJsIjoiaHR0cHM6XC9cL2NhcmF2YW5hYW1lcmljYW5hLmNvbVwvd3AtY29udGVudFwvdXBsb2Fkc1wvMjAyM1wvMDJcLzIuQmFuaS1BcnRlc2FuYWwuanBnIiwic2xpZGVzaG93IjoiYzU3NjFkMiJ9\" href=\"https:\/\/caravanaamericana.com\/disenadores-caravana-14\/\"><\/p>\n<figure><img decoding=\"async\" src=\"https:\/\/caravanaamericana.com\/wp-content\/uploads\/2023\/02\/2.Bani-Artesanal.jpg\" alt=\"BANI ARTESANAL\" \/><figcaption>BANI ARTESANAL<\/figcaption><\/figure>\n<p><\/a><a data-elementor-open-lightbox=\"yes\" data-elementor-lightbox-slideshow=\"c5761d2\" data-elementor-lightbox-title=\"5.Metric\" data-e-action-hash=\"#elementor-action%3Aaction%3Dlightbox%26settings%3DeyJpZCI6OTIzNiwidXJsIjoiaHR0cHM6XC9cL2NhcmF2YW5hYW1lcmljYW5hLmNvbVwvd3AtY29udGVudFwvdXBsb2Fkc1wvMjAyM1wvMDJcLzUuTWV0cmljLmpwZyIsInNsaWRlc2hvdyI6ImM1NzYxZDIifQ%3D%3D\" href=\"https:\/\/caravanaamericana.com\/disenadores-caravana-14\/\"><\/p>\n<figure><img decoding=\"async\" src=\"https:\/\/caravanaamericana.com\/wp-content\/uploads\/2023\/02\/5.Metric.jpg\" alt=\"METRIC\" \/><figcaption>METRIC<\/figcaption><\/figure>\n<p><\/a><a data-elementor-open-lightbox=\"yes\" data-elementor-lightbox-slideshow=\"c5761d2\" data-elementor-lightbox-title=\"6.-Merkaba\" data-e-action-hash=\"#elementor-action%3Aaction%3Dlightbox%26settings%3DeyJpZCI6OTIzNSwidXJsIjoiaHR0cHM6XC9cL2NhcmF2YW5hYW1lcmljYW5hLmNvbVwvd3AtY29udGVudFwvdXBsb2Fkc1wvMjAyM1wvMDJcLzYuLU1lcmthYmEuanBnIiwic2xpZGVzaG93IjoiYzU3NjFkMiJ9\" href=\"https:\/\/caravanaamericana.com\/disenadores-caravana-14\/\"><\/p>\n<figure><img decoding=\"async\" src=\"https:\/\/caravanaamericana.com\/wp-content\/uploads\/2023\/02\/6.-Merkaba.jpg\" alt=\"MERKABA\" \/><figcaption>MERKABA<\/figcaption><\/figure>\n<p><\/a>\t\t\t<\/p>\n<h2>26 DISE\u00d1ADORES<\/h2>\n<p>PRESENTAMOS A LOS MEJORES DISE\u00d1ADORES INDEPENDIENTES DE LATINOAM\u00c9RICA DE MODA, MOBILIARIO Y OBJETO.<\/p>\n<h2>COBERTURA DE PRENSA<\/h2>\n<h4>DESIGN SPONGE<\/h4>\n<figure><img fetchpriority=\"high\" decoding=\"async\" width=\"939\" height=\"700\" src=\"https:\/\/caravanaamericana.com\/wp-content\/uploads\/2019\/06\/post1.jpg\" alt=\"\" \/><\/figure>\n<h3>La feria de dise\u00f1o m\u00e1s importante de Latinoam\u00e9rica, Caravana Americana, anuncia su triunfal regreso a la capital del pa\u00eds para el pr\u00f3ximo 6 de mayo en una edici\u00f3n que albergar\u00e1\u00a0m\u00e1s de 60 dise\u00f1adores DE La regi\u00f3n.<\/h3>\n<p>Caravana Americana realmente destaca de otros eventos por los proyectos que presenta, por su labor e historia. El quehacer incesante por promover el trabajo justo y la inclusi\u00f3n de todas las regiones de M\u00e9xico, son aspectos esenciales en este proyecto.<\/p>\n<p>\t\t\t\t\t<a href=\"https:\/\/mx.fashionnetwork.com\/news\/Caravana-americana-confirma-su-regreso-a-la-ciudad-de-mexico-en-mayo,1394874.html\" target=\"_blank\"><br \/>\n\t\t\t\t\t\t\t\t\tLEER M\u00c1S<br \/>\n\t\t\t\t\t<\/a><\/p>\n<h4>DWELL<\/h4>\n<figure><img decoding=\"async\" width=\"942\" height=\"700\" src=\"https:\/\/caravanaamericana.com\/wp-content\/uploads\/2019\/06\/post2.jpg\" alt=\"\" \/><\/figure>\n<h3>&#8220;CARAVANA AMERICANA SE HA CONVERTIDO EN UN DESTINO DONDE LOS DISE\u00d1ADORES EMERGENTES PUEDEN COMPARTIR CON ORGULLO SU TRABAJO CON UN P\u00daBLICO APASIONADO POR POTENCIAR A LA INDUSTRIA.&#8221;<\/h3>\n<p>Ha quedado claro que el evento gan\u00f3 ya la atenci\u00f3n de los amantes del Dise\u00f1o en todo M\u00e9xico y continuar\u00e1 haci\u00e9ndolo a lo largo de las siguientes ediciones.<\/p>\n<p>\t\t\t\t\t<a href=\"https:\/\/www.dwell.com\/article\/caravana-americana-showcases-the-passion-of-latin-americas-design-community-9ab20b79\" target=\"_blank\"><br \/>\n\t\t\t\t\t\t\t\t\tLEER M\u00c1S<br \/>\n\t\t\t\t\t<\/a><\/p>\n<h4>BUSINESS OF FASHION<\/h4>\n<figure><img decoding=\"async\" width=\"942\" height=\"700\" src=\"https:\/\/caravanaamericana.com\/wp-content\/uploads\/2019\/06\/post3.jpg\" alt=\"\" \/><\/figure>\n<h3>&#8220;HAN HABIDO EVENTOS SIMILARES EN LA CIUDAD DE M\u00c9XICO, PERO POCOS HACEN REALMENTE LA DIFERENCIA. DEFINITIVAMENTE, SE PUEDE DECIR QUE CARAVANA AMERICANA SE HA CONVERTIDO EN EL MEJOR DE SU TIPO.&#8221;<\/h3>\n<p>La Industria de la Moda en Am\u00e9rica Latina ha comenzado un largo proceso de integraci\u00f3n y consolidaci\u00f3n, mismo que ha visto a algunos jugadores especializarse, a otros expandirse y algunos m\u00e1s actualizarse.<\/p>\n<p>\t\t\t\t\t<a href=\"https:\/\/www.businessoffashion.com\/news\/global-markets\/mexican-trade-shows-look-to-boost-fashion-exports\/\" target=\"_blank\"><br \/>\n\t\t\t\t\t\t\t\t\tLEER M\u00c1S<br \/>\n\t\t\t\t\t<\/a><\/p>\n<h2>DESCARGA<\/h2>\n<h5>PRESS KIT<\/h5>\n<p>\t\t\t\t\t<a href=\"https:\/\/caravanaamericana.com\/wp-content\/uploads\/2023\/04\/CARAVANA_DENVER_BOLETIN-DE-PRENSA_V2.pdf\" target=\"_blank\"><br \/>\n\t\t\t\t\t\t\t\t\tDESCARGA AQU\u00cd<br \/>\n\t\t\t\t\t<\/a><\/p>\n<h2>PATROCINADORES<\/h2>\n<p>AGRADECEMOS A NUESTROS PATROCINADORES EL APOYO EN ESTA EDICI\u00d3N DE CARAVANA AMERICANA<\/p>\n<figure><img decoding=\"async\" src=\"https:\/\/caravanaamericana.com\/wp-content\/uploads\/2023\/10\/13.png\" alt=\"13\" \/><\/figure>\n<figure><img decoding=\"async\" src=\"https:\/\/caravanaamericana.com\/wp-content\/uploads\/2023\/10\/12.png\" alt=\"12\" \/><\/figure>\n<figure><img decoding=\"async\" src=\"https:\/\/caravanaamericana.com\/wp-content\/uploads\/2023\/10\/11.png\" alt=\"11\" \/><\/figure>\n<figure><img decoding=\"async\" src=\"https:\/\/caravanaamericana.com\/wp-content\/uploads\/2023\/10\/10.png\" alt=\"10\" \/><\/figure>\n<figure><img decoding=\"async\" src=\"https:\/\/caravanaamericana.com\/wp-content\/uploads\/2023\/10\/9.png\" alt=\"9\" \/><\/figure>\n<figure><img decoding=\"async\" src=\"https:\/\/caravanaamericana.com\/wp-content\/uploads\/2023\/10\/8.png\" alt=\"8\" \/><\/figure>\n<figure><img decoding=\"async\" src=\"https:\/\/caravanaamericana.com\/wp-content\/uploads\/2023\/10\/7.png\" alt=\"7\" \/><\/figure>\n<figure><img decoding=\"async\" src=\"https:\/\/caravanaamericana.com\/wp-content\/uploads\/2023\/10\/6.png\" alt=\"6\" \/><\/figure>\n<figure><img decoding=\"async\" src=\"https:\/\/caravanaamericana.com\/wp-content\/uploads\/2023\/10\/5.png\" alt=\"5\" \/><\/figure>\n<figure><img decoding=\"async\" src=\"https:\/\/caravanaamericana.com\/wp-content\/uploads\/2023\/10\/4.png\" alt=\"4\" \/><\/figure>\n<figure><img decoding=\"async\" src=\"https:\/\/caravanaamericana.com\/wp-content\/uploads\/2023\/10\/3.png\" alt=\"3\" \/><\/figure>\n<figure><img decoding=\"async\" src=\"https:\/\/caravanaamericana.com\/wp-content\/uploads\/2023\/10\/2.png\" alt=\"2\" \/><\/figure>\n<figure><img decoding=\"async\" src=\"https:\/\/caravanaamericana.com\/wp-content\/uploads\/2023\/10\/1.png\" alt=\"1\" \/><\/figure>\n<figure><img decoding=\"async\" src=\"https:\/\/caravanaamericana.com\/wp-content\/uploads\/2023\/02\/Mythos-300x200.png\" alt=\"Mythos\" \/><\/figure>\n<figure><img decoding=\"async\" src=\"https:\/\/caravanaamericana.com\/wp-content\/uploads\/2023\/02\/La-Caja-de-Cristal-300x200.png\" alt=\"La-Caja-de-Cristal\" \/><\/figure>\n<figure><img decoding=\"async\" src=\"https:\/\/caravanaamericana.com\/wp-content\/uploads\/2023\/10\/image-10-1-1-300x170.png\" alt=\"image (10) (1)\" \/><\/figure>\n<figure><img decoding=\"async\" src=\"https:\/\/caravanaamericana.com\/wp-content\/uploads\/2020\/07\/Sponsor-Cinepolis-Distribucion-300x200.jpg\" alt=\"Sponsor---Cinepolis-Distribucion\" \/><\/figure>\n<figure><img decoding=\"async\" src=\"https:\/\/caravanaamericana.com\/wp-content\/uploads\/2020\/07\/Sponsor-Art-Latinou-300x200.jpg\" alt=\"Sponsor---Art-Latinou\" \/><\/figure>\n<figure><img decoding=\"async\" src=\"https:\/\/caravanaamericana.com\/wp-content\/uploads\/2020\/07\/Tamales-Madre-300x200.jpg\" alt=\"Tamales-Madre\" \/><\/figure>\n<p>\t\t\t\t\t\t\t\t\t\t\t\t\t\t<a href=\"https:\/\/www.cityexpress.com\/\" target=\"_blank\" rel=\"nofollow\"><br \/>\n\t\t\t\t\t\t\t<img loading=\"lazy\" decoding=\"async\" width=\"252\" height=\"235\" src=\"https:\/\/caravanaamericana.com\/wp-content\/uploads\/2023\/10\/13.png\" alt=\"\" \/>\t\t\t\t\t\t\t\t<\/a><br \/>\n\t\t\t\t\t\t\t\t\t\t\t\t\t\t<a href=\"https:\/\/www.cityexpress.com\/\" target=\"_blank\"><br \/>\n\t\t\t\t\t\t\t<img loading=\"lazy\" decoding=\"async\" width=\"252\" height=\"235\" src=\"https:\/\/caravanaamericana.com\/wp-content\/uploads\/2023\/10\/12.png\" alt=\"\" \/>\t\t\t\t\t\t\t\t<\/a><br \/>\n\t\t\t\t\t\t\t\t\t\t\t\t\t\t<a href=\"https:\/\/estiatoriomythos.com\/lp\/\" target=\"_blank\"><br \/>\n\t\t\t\t\t\t\t<img loading=\"lazy\" decoding=\"async\" width=\"252\" height=\"235\" src=\"https:\/\/caravanaamericana.com\/wp-content\/uploads\/2023\/10\/11.png\" alt=\"\" \/>\t\t\t\t\t\t\t\t<\/a><br \/>\n\t\t\t\t\t\t\t\t\t\t\t\t\t\t<a href=\"https:\/\/www.casarojo.com\/\" target=\"_blank\" rel=\"nofollow\"><br \/>\n\t\t\t\t\t\t\t<img loading=\"lazy\" decoding=\"async\" width=\"252\" height=\"235\" src=\"https:\/\/caravanaamericana.com\/wp-content\/uploads\/2023\/10\/10.png\" alt=\"\" \/>\t\t\t\t\t\t\t\t<\/a><br \/>\n\t\t\t\t\t\t\t\t\t\t\t\t\t\t<a href=\"https:\/\/vinoxtli.com\/\" target=\"_blank\"><br \/>\n\t\t\t\t\t\t\t<img loading=\"lazy\" decoding=\"async\" width=\"252\" height=\"235\" src=\"https:\/\/caravanaamericana.com\/wp-content\/uploads\/2023\/10\/9.png\" alt=\"\" \/>\t\t\t\t\t\t\t\t<\/a><br \/>\n\t\t\t\t\t\t\t\t\t\t\t\t\t\t<a href=\"http:\/\/www.cerveceriaallende.es\/home.html\" target=\"_blank\"><br \/>\n\t\t\t\t\t\t\t<img loading=\"lazy\" decoding=\"async\" width=\"252\" height=\"235\" src=\"https:\/\/caravanaamericana.com\/wp-content\/uploads\/2023\/10\/8.png\" alt=\"\" \/>\t\t\t\t\t\t\t\t<\/a><br \/>\n\t\t\t\t\t\t\t\t\t\t\t\t\t\t<a href=\"https:\/\/www.casadelagua.com.mx\/\" target=\"_blank\"><br \/>\n\t\t\t\t\t\t\t<img loading=\"lazy\" decoding=\"async\" width=\"252\" height=\"235\" src=\"https:\/\/caravanaamericana.com\/wp-content\/uploads\/2023\/10\/7.png\" alt=\"\" \/>\t\t\t\t\t\t\t\t<\/a><br \/>\n\t\t\t\t\t\t\t\t\t\t\t\t\t\t<a href=\"https:\/\/verydrinks.com.mx\/\" target=\"_blank\"><br \/>\n\t\t\t\t\t\t\t<img loading=\"lazy\" decoding=\"async\" width=\"252\" height=\"235\" src=\"https:\/\/caravanaamericana.com\/wp-content\/uploads\/2023\/10\/6.png\" alt=\"\" \/>\t\t\t\t\t\t\t\t<\/a><br \/>\n\t\t\t\t\t\t\t\t\t\t\t\t\t<img loading=\"lazy\" decoding=\"async\" width=\"252\" height=\"235\" src=\"https:\/\/caravanaamericana.com\/wp-content\/uploads\/2023\/10\/5.png\" alt=\"\" \/><br \/>\n\t\t\t\t\t\t\t\t\t\t\t\t\t\t<a href=\"https:\/\/www.dtarima.com\/\" target=\"_blank\"><br \/>\n\t\t\t\t\t\t\t<img loading=\"lazy\" decoding=\"async\" width=\"252\" height=\"235\" src=\"https:\/\/caravanaamericana.com\/wp-content\/uploads\/2023\/10\/4.png\" alt=\"\" \/>\t\t\t\t\t\t\t\t<\/a><br \/>\n\t\t\t\t\t\t\t\t\t\t\t\t\t\t<a href=\"https:\/\/tallernacional.com\/\" target=\"_blank\"><br \/>\n\t\t\t\t\t\t\t<img loading=\"lazy\" decoding=\"async\" width=\"252\" height=\"235\" src=\"https:\/\/caravanaamericana.com\/wp-content\/uploads\/2023\/10\/3.png\" alt=\"\" \/>\t\t\t\t\t\t\t\t<\/a><br \/>\n\t\t\t\t\t\t\t\t\t\t\t\t\t\t<a href=\"https:\/\/www.brandboom.com\/\" target=\"_blank\"><br \/>\n\t\t\t\t\t\t\t<img loading=\"lazy\" decoding=\"async\" width=\"252\" height=\"235\" src=\"https:\/\/caravanaamericana.com\/wp-content\/uploads\/2023\/10\/2.png\" alt=\"\" \/>\t\t\t\t\t\t\t\t<\/a><br \/>\n\t\t\t\t\t\t\t\t\t\t\t\t\t\t<a href=\"https:\/\/lagolatam.com\/\" target=\"_blank\"><br \/>\n\t\t\t\t\t\t\t<img loading=\"lazy\" decoding=\"async\" width=\"252\" height=\"235\" src=\"https:\/\/caravanaamericana.com\/wp-content\/uploads\/2023\/10\/1.png\" alt=\"\" \/>\t\t\t\t\t\t\t\t<\/a><br \/>\n\t\t\t\t\t\t\t\t\t\t\t\t\t\t<a href=\"https:\/\/lagolatam.com\/\" target=\"_blank\"><br \/>\n\t\t\t\t\t\t\t<img loading=\"lazy\" decoding=\"async\" width=\"352\" height=\"235\" src=\"https:\/\/caravanaamericana.com\/wp-content\/uploads\/2023\/02\/Mythos.png\" alt=\"\" srcset=\"https:\/\/caravanaamericana.com\/wp-content\/uploads\/2023\/02\/Mythos.png 352w, https:\/\/caravanaamericana.com\/wp-content\/uploads\/2023\/02\/Mythos-300x200.png 300w\" sizes=\"(max-width: 352px) 100vw, 352px\" \/>\t\t\t\t\t\t\t\t<\/a><br \/>\n\t\t\t\t\t\t\t\t\t\t\t\t\t\t<a href=\"https:\/\/lagolatam.com\/\" target=\"_blank\"><br \/>\n\t\t\t\t\t\t\t<img loading=\"lazy\" decoding=\"async\" width=\"352\" height=\"235\" src=\"https:\/\/caravanaamericana.com\/wp-content\/uploads\/2023\/02\/La-Caja-de-Cristal.png\" alt=\"\" srcset=\"https:\/\/caravanaamericana.com\/wp-content\/uploads\/2023\/02\/La-Caja-de-Cristal.png 352w, https:\/\/caravanaamericana.com\/wp-content\/uploads\/2023\/02\/La-Caja-de-Cristal-300x200.png 300w\" sizes=\"(max-width: 352px) 100vw, 352px\" \/>\t\t\t\t\t\t\t\t<\/a><br \/>\n\t\t\t\t\t\t\t\t\t\t\t\t\t\t<a href=\"https:\/\/lagolatam.com\/\" target=\"_blank\"><br \/>\n\t\t\t\t\t\t\t<img loading=\"lazy\" decoding=\"async\" width=\"832\" height=\"472\" src=\"https:\/\/caravanaamericana.com\/wp-content\/uploads\/2023\/10\/image-10-1.png\" alt=\"\" srcset=\"https:\/\/caravanaamericana.com\/wp-content\/uploads\/2023\/10\/image-10-1.png 832w, https:\/\/caravanaamericana.com\/wp-content\/uploads\/2023\/10\/image-10-1-300x170.png 300w, https:\/\/caravanaamericana.com\/wp-content\/uploads\/2023\/10\/image-10-1-768x436.png 768w\" sizes=\"(max-width: 832px) 100vw, 832px\" \/>\t\t\t\t\t\t\t\t<\/a><\/p>\n<h2>MEDIOS DE COMUNICACI\u00d3N<\/h2>\n<p>AGRADECEMOS A NUESTROS MEDIA PARTNERS EL APOYO EN ESTA EDICI\u00d3N DE CARAVANA AMERICANA<\/p>\n<figure><img decoding=\"async\" src=\"https:\/\/caravanaamericana.com\/wp-content\/uploads\/2020\/07\/Partner-192-300x200.jpg\" alt=\"Partner-192\" \/><\/figure>\n<figure><img decoding=\"async\" src=\"https:\/\/caravanaamericana.com\/wp-content\/uploads\/2020\/07\/Partner-Time-Out-300x200.jpg\" alt=\"Partner-Time-Out\" \/><\/figure>\n<figure><img decoding=\"async\" src=\"https:\/\/caravanaamericana.com\/wp-content\/uploads\/2020\/07\/Media-Partner-Elle-300x200.jpg\" alt=\"\" \/><\/figure>\n<figure><img decoding=\"async\" src=\"https:\/\/caravanaamericana.com\/wp-content\/uploads\/2020\/10\/partner-Design-Hunter-300x200.jpg\" alt=\"partner-Design-Hunter\" \/><\/figure>\n<figure><img decoding=\"async\" src=\"https:\/\/caravanaamericana.com\/wp-content\/uploads\/2023\/02\/Coolhunter-300x200.png\" alt=\"Coolhunter\" \/><\/figure>\n<figure><img decoding=\"async\" src=\"https:\/\/caravanaamericana.com\/wp-content\/uploads\/2023\/02\/TimeOutMexico-300x200.png\" alt=\"TimeOutMexico\" \/><\/figure>\n<figure><img decoding=\"async\" src=\"https:\/\/caravanaamericana.com\/wp-content\/uploads\/2023\/02\/Glocal-300x200.png\" alt=\"Glocal\" \/><\/figure>\n<figure><img decoding=\"async\" src=\"https:\/\/caravanaamericana.com\/wp-content\/uploads\/2023\/02\/Central-300x200.png\" alt=\"Central\" \/><\/figure>\n<figure><img decoding=\"async\" src=\"https:\/\/caravanaamericana.com\/wp-content\/uploads\/2023\/02\/Franca-300x200.png\" alt=\"Franca\" \/><\/figure>\n<p>\t\t\t\t\t\t\t\t\t\t\t\t\t\t<a href=\"https:\/\/coolhuntermx.com\/\" target=\"_blank\" rel=\"nofollow\"><br \/>\n\t\t\t\t\t\t\t<img loading=\"lazy\" decoding=\"async\" width=\"352\" height=\"235\" src=\"https:\/\/caravanaamericana.com\/wp-content\/uploads\/2023\/02\/Coolhunter.png\" alt=\"\" srcset=\"https:\/\/caravanaamericana.com\/wp-content\/uploads\/2023\/02\/Coolhunter.png 352w, https:\/\/caravanaamericana.com\/wp-content\/uploads\/2023\/02\/Coolhunter-300x200.png 300w\" sizes=\"(max-width: 352px) 100vw, 352px\" \/>\t\t\t\t\t\t\t\t<\/a><br \/>\n\t\t\t\t\t\t\t\t\t\t\t\t\t\t<a href=\"https:\/\/www.timeoutmexico.mx\/ciudad-de-mexico\" target=\"_blank\" rel=\"nofollow\"><br \/>\n\t\t\t\t\t\t\t<img loading=\"lazy\" decoding=\"async\" width=\"352\" height=\"235\" src=\"https:\/\/caravanaamericana.com\/wp-content\/uploads\/2023\/02\/TimeOutMexico.png\" alt=\"\" srcset=\"https:\/\/caravanaamericana.com\/wp-content\/uploads\/2023\/02\/TimeOutMexico.png 352w, https:\/\/caravanaamericana.com\/wp-content\/uploads\/2023\/02\/TimeOutMexico-300x200.png 300w\" sizes=\"(max-width: 352px) 100vw, 352px\" \/>\t\t\t\t\t\t\t\t<\/a><br \/>\n\t\t\t\t\t\t\t\t\t\t\t\t\t\t<a href=\"https:\/\/glocal.mx\/\" target=\"_blank\" rel=\"nofollow\"><br \/>\n\t\t\t\t\t\t\t<img loading=\"lazy\" decoding=\"async\" width=\"352\" height=\"235\" src=\"https:\/\/caravanaamericana.com\/wp-content\/uploads\/2023\/02\/Glocal.png\" alt=\"\" srcset=\"https:\/\/caravanaamericana.com\/wp-content\/uploads\/2023\/02\/Glocal.png 352w, https:\/\/caravanaamericana.com\/wp-content\/uploads\/2023\/02\/Glocal-300x200.png 300w\" sizes=\"(max-width: 352px) 100vw, 352px\" \/>\t\t\t\t\t\t\t\t<\/a><br \/>\n\t\t\t\t\t\t\t\t\t\t\t\t\t\t<a href=\"https:\/\/www.revistacentral.com.mx\/\" target=\"_blank\" rel=\"nofollow\"><br \/>\n\t\t\t\t\t\t\t<img loading=\"lazy\" decoding=\"async\" width=\"352\" height=\"235\" src=\"https:\/\/caravanaamericana.com\/wp-content\/uploads\/2023\/02\/Central.png\" alt=\"\" srcset=\"https:\/\/caravanaamericana.com\/wp-content\/uploads\/2023\/02\/Central.png 352w, https:\/\/caravanaamericana.com\/wp-content\/uploads\/2023\/02\/Central-300x200.png 300w\" sizes=\"(max-width: 352px) 100vw, 352px\" \/>\t\t\t\t\t\t\t\t<\/a><br \/>\n\t\t\t\t\t\t\t\t\t\t\t\t\t\t<a href=\"https:\/\/francamagazine.com\/\" target=\"_blank\" rel=\"nofollow\"><br \/>\n\t\t\t\t\t\t\t<img loading=\"lazy\" decoding=\"async\" width=\"352\" height=\"235\" src=\"https:\/\/caravanaamericana.com\/wp-content\/uploads\/2023\/02\/Franca.png\" alt=\"\" srcset=\"https:\/\/caravanaamericana.com\/wp-content\/uploads\/2023\/02\/Franca.png 352w, https:\/\/caravanaamericana.com\/wp-content\/uploads\/2023\/02\/Franca-300x200.png 300w\" sizes=\"(max-width: 352px) 100vw, 352px\" \/>\t\t\t\t\t\t\t\t<\/a><br \/>\n\t\t\t\t\t\t\t\t\t\t\t\t\t\t<a href=\"https:\/\/elle.mx\/revista-digital\" target=\"_blank\" rel=\"nofollow\"><br \/>\n\t\t\t\t\t\t\t<img loading=\"lazy\" decoding=\"async\" width=\"352\" height=\"235\" src=\"https:\/\/caravanaamericana.com\/wp-content\/uploads\/2020\/07\/Partner-Time-Out.jpg\" alt=\"\" srcset=\"https:\/\/caravanaamericana.com\/wp-content\/uploads\/2020\/07\/Partner-Time-Out.jpg 352w, https:\/\/caravanaamericana.com\/wp-content\/uploads\/2020\/07\/Partner-Time-Out-300x200.jpg 300w\" sizes=\"(max-width: 352px) 100vw, 352px\" \/>\t\t\t\t\t\t\t\t<\/a><br \/>\n\t\t\t\t\t\t\t\t\t\t\t\t\t<img loading=\"lazy\" decoding=\"async\" width=\"352\" height=\"235\" src=\"https:\/\/caravanaamericana.com\/wp-content\/uploads\/2020\/10\/Media_Partner_FashionUnited.jpg\" alt=\"\" srcset=\"https:\/\/caravanaamericana.com\/wp-content\/uploads\/2020\/10\/Media_Partner_FashionUnited.jpg 352w, https:\/\/caravanaamericana.com\/wp-content\/uploads\/2020\/10\/Media_Partner_FashionUnited-300x200.jpg 300w\" sizes=\"(max-width: 352px) 100vw, 352px\" \/><br \/>\n\t\t\t\t\t\t\t\t\t\t\t\t\t<img loading=\"lazy\" decoding=\"async\" width=\"352\" height=\"235\" src=\"https:\/\/caravanaamericana.com\/wp-content\/uploads\/2020\/07\/Partner-192.jpg\" alt=\"\" srcset=\"https:\/\/caravanaamericana.com\/wp-content\/uploads\/2020\/07\/Partner-192.jpg 352w, https:\/\/caravanaamericana.com\/wp-content\/uploads\/2020\/07\/Partner-192-300x200.jpg 300w\" sizes=\"(max-width: 352px) 100vw, 352px\" \/><br \/>\n\t\t<iframe title=\"Caravana Americana\" width=\"900\" height=\"506\" src=\"https:\/\/www.youtube.com\/embed\/p6vs3OcTI4E?feature=oembed\" frameborder=\"0\" allow=\"accelerometer; autoplay; clipboard-write; encrypted-media; gyroscope; picture-in-picture; web-share\" allowfullscreen><\/iframe><br \/>\n\t\t\t\t\t<a href=\"#\"><br \/>\n\t\t\t\t\t\t\t\t\tCOMPARTIR<br \/>\n\t\t\t\t\t<\/a><\/p>\n<h4>EVENTO MARZO 2020<\/h4>\n","protected":false},"excerpt":{"rendered":"<p>https:\/\/caravanaamericana.com\/wp-content\/uploads\/2022\/05\/WEB_HOME_ESP.mp4 CARAVANA DESTINATION \u2022 ART WEEK, CDMX -DEL 8 AL 11 DE FEBRERO \u2022 2024 REGISTRO EXPOSITORES CARAVANA DESTINATION \u2022 LOS CABOS 10 &#8211; 11 DICIEMBRE REGISTRO EXPOSITORES CARAVANA AMERICANA \u2022 CAMPO MARTE, CDMX 17 &#8211; 19 FEBRERO BUYERS \/ COMPRADORES FOLLOW US \/ S\u00cdGUENOS DESIGNERS LIST \/ DISE\u00d1ADORES ENROL \/ REG\u00cdSTRATE COMPRA AHORA \/ [&hellip;]<\/p>\n","protected":false},"author":7,"featured_media":0,"parent":0,"menu_order":0,"comment_status":"closed","ping_status":"closed","template":"elementor_header_footer","meta":{"footnotes":""},"class_list":["post-18","page","type-page","status-publish","hentry"],"translation":{"provider":"WPGlobus","version":"3.0.0","language":"en","enabled_languages":["es","en"],"languages":{"es":{"title":true,"content":true,"excerpt":false},"en":{"title":true,"content":true,"excerpt":false}}},"aioseo_notices":[],"_links":{"self":[{"href":"https:\/\/caravanaamericana.com\/en\/wp-json\/wp\/v2\/pages\/18","targetHints":{"allow":["GET"]}}],"collection":[{"href":"https:\/\/caravanaamericana.com\/en\/wp-json\/wp\/v2\/pages"}],"about":[{"href":"https:\/\/caravanaamericana.com\/en\/wp-json\/wp\/v2\/types\/page"}],"author":[{"embeddable":true,"href":"https:\/\/caravanaamericana.com\/en\/wp-json\/wp\/v2\/users\/7"}],"replies":[{"embeddable":true,"href":"https:\/\/caravanaamericana.com\/en\/wp-json\/wp\/v2\/comments?post=18"}],"version-history":[{"count":1462,"href":"https:\/\/caravanaamericana.com\/en\/wp-json\/wp\/v2\/pages\/18\/revisions"}],"predecessor-version":[{"id":13028,"href":"https:\/\/caravanaamericana.com\/en\/wp-json\/wp\/v2\/pages\/18\/revisions\/13028"}],"wp:attachment":[{"href":"https:\/\/caravanaamericana.com\/en\/wp-json\/wp\/v2\/media?parent=18"}],"curies":[{"name":"wp","href":"https:\/\/api.w.org\/{rel}","templated":true}]}}