{"id":4,"date":"2019-06-20T14:11:48","date_gmt":"2019-06-20T14:11:48","guid":{"rendered":"http:\/\/caravanaamericana.com\/?page_id=3"},"modified":"2019-06-29T00:41:43","modified_gmt":"2019-06-29T00:41:43","slug":"aviso-de-privacidad","status":"publish","type":"page","link":"https:\/\/caravanaamericana.com\/en\/aviso-de-privacidad\/","title":{"rendered":"Aviso de privacidad"},"content":{"rendered":"\n<p>CARAVANA AMERICANA S.A.P.I. DE C.V. CON DOMICILIO FISCAL EN EMILIO CASTELAR 209 2B COLONIA POLANCO 11560 M\u00c9XICO D.F. ES RESPONSABLE DE RECABAR SUS DATOS PERSONALES, DEL USO QUE SE LE DE A LOS MISMOS AS\u00cd COMO DE SU PROTECCI\u00d3N.<\/p>\n\n\n\n<p>RECABAMOS SUS DATOS PERSONALES DE FORMA DIRECTA CUANDO USTED MISMO NOS LOS PROPORCIONA POR DIVERSOS MEDIOS, COMO:<\/p>\n\n\n\n<p>SUSCRIPCI\u00d3N INDIVIDUAL EN NUESTRA P\u00c1GINA DE INTERNET&nbsp;CARAVANAAMERICANA.COM Y FACEBOOK.COM\/CARAVANAAM.<\/p>\n\n\n\n<p>SUS DATOS PERSONALES SER\u00c1N UTILIZADOS PARA LAS SIGUIENTES FINALIDADES:<\/p>\n\n\n\n<ul class=\"wp-block-list\"><li>GENERAR UNA BASE DE DATOS DE DISE\u00d1ADORES Y DE VISITAS POSIBLES A NUESTRO EVENTO.<\/li><\/ul>\n\n\n\n<p>PARA LAS FINALIDADES SE\u00d1ALADAS EN EL PRESENTE AVISO DE PRIVACIDAD, PODEMOS RECABAR SUS DATOS PERSONALES COMO:<\/p>\n\n\n\n<ul class=\"wp-block-list\"><li>Nombre.<\/li><li>Apellido Paterno.<\/li><li>Apellido Materno.<\/li><li>Tel\u00e9fono.<\/li><li>Celular.<\/li><li>E-mail.<\/li><li>Fotograf\u00edas.<\/li><li>Informaci\u00f3n de la marca.<\/li><\/ul>\n\n\n\n<p>LE INFORMAMOS QUE PARA CUMPLIR CON LAS FINALIDADES PREVISTAS EN ESTE AVISO DE PRIVACIDAD, NO SER\u00c1N RECABADOS Y TRATADOS DATOS PERSONALES SENSIBLES, COMO AQU\u00c9LLOS QUE REFIEREN A INFORMACI\u00d3N FINANCIERA B\u00c1SICA.<\/p>\n\n\n\n<p>USTED TIENE DERECHO DE ACCEDER, RECTIFICAR Y CANCELAR SUS DATOS PERSONALES, AS\u00cd COMO DE OPONERSE AL TRATAMIENTO DE LOS MISMOS O REVOCAR EL CONSENTIMIENTO QUE PARA TAL FIN NOS HAYA OTORGADO, A TRAV\u00c9S DE LOS PROCEDIMIENTOS QUE HEMOS IMPLEMENTADO. PARA CONOCER DICHOS PROCEDIMIENTOS, LOS REQUISITOS Y PLAZOS, SE PUEDE PONER EN CONTACTO CON NUESTRO DEPARTAMENTO DE DATOS PERSONALES EN EMILIO CASTELAR 209 2B COLONIA POLANCO 11560 MEXICO D.F. TEL. (55)5568405279 O AL CORREO ELECTR\u00d3NICO EXPO@CARAVANAAMERICANA.COM, O VISITAR NUESTRA P\u00c1GINA DE INTERNET CARAVANAAMERICANA.COM<\/p>\n\n\n\n<p>SI USTED DESEA DEJAR DE RECIBIR MENSAJES PROMOCIONALES DE NUESTRA PARTE, PUEDE SOLICITARLO A TRAV\u00c9S DEL TEL\u00c9FONO (55)5568405279, AL CORREO ELECTR\u00d3NICO EXPO@CARAVANAAMERICANA.COM O EN EL SIGUIENTE DOMICILIO EMILIO CASTELAR 209 2B COLONIA POLANCO 11560 MEXICO D.F.<\/p>\n\n\n\n<p>CUALQUIER MODIFICACI\u00d3N A ESTE AVISO DE PRIVACIDAD PODR\u00c1 CONSULTARLA EN&nbsp;CARAVANAAMERICANA.COM<\/p>\n\n\n\n<p>FECHA \u00daLTIMA ACTUALIZACI\u00d3N 20 DE JUNIO DE 2019<\/p>\n","protected":false},"excerpt":{"rendered":"<p>CARAVANA AMERICANA S.A.P.I. DE C.V. CON DOMICILIO FISCAL EN EMILIO CASTELAR 209 2B COLONIA POLANCO 11560 M\u00c9XICO D.F. ES RESPONSABLE DE RECABAR SUS DATOS PERSONALES, DEL USO QUE SE LE DE A LOS MISMOS AS\u00cd COMO DE SU PROTECCI\u00d3N. RECABAMOS SUS DATOS PERSONALES DE FORMA DIRECTA CUANDO USTED MISMO NOS LOS PROPORCIONA POR DIVERSOS MEDIOS, [&hellip;]<\/p>\n","protected":false},"author":2,"featured_media":0,"parent":0,"menu_order":0,"comment_status":"closed","ping_status":"open","template":"","meta":{"footnotes":""},"class_list":["post-4","page","type-page","status-publish","hentry"],"translation":{"provider":"WPGlobus","version":"3.0.0","language":"en","enabled_languages":["es","en"],"languages":{"es":{"title":true,"content":true,"excerpt":false},"en":{"title":false,"content":false,"excerpt":false}}},"aioseo_notices":[],"_links":{"self":[{"href":"https:\/\/caravanaamericana.com\/en\/wp-json\/wp\/v2\/pages\/4","targetHints":{"allow":["GET"]}}],"collection":[{"href":"https:\/\/caravanaamericana.com\/en\/wp-json\/wp\/v2\/pages"}],"about":[{"href":"https:\/\/caravanaamericana.com\/en\/wp-json\/wp\/v2\/types\/page"}],"author":[{"embeddable":true,"href":"https:\/\/caravanaamericana.com\/en\/wp-json\/wp\/v2\/users\/2"}],"replies":[{"embeddable":true,"href":"https:\/\/caravanaamericana.com\/en\/wp-json\/wp\/v2\/comments?post=4"}],"version-history":[{"count":1,"href":"https:\/\/caravanaamericana.com\/en\/wp-json\/wp\/v2\/pages\/4\/revisions"}],"predecessor-version":[{"id":405,"href":"https:\/\/caravanaamericana.com\/en\/wp-json\/wp\/v2\/pages\/4\/revisions\/405"}],"wp:attachment":[{"href":"https:\/\/caravanaamericana.com\/en\/wp-json\/wp\/v2\/media?parent=4"}],"curies":[{"name":"wp","href":"https:\/\/api.w.org\/{rel}","templated":true}]}}