{"id":4004,"date":"2021-08-08T08:01:27","date_gmt":"2021-08-08T13:01:27","guid":{"rendered":"https:\/\/caravanaamericana.com\/?page_id=4004"},"modified":"2021-09-22T10:44:59","modified_gmt":"2021-09-22T15:44:59","slug":"boca-ca11","status":"publish","type":"page","link":"https:\/\/caravanaamericana.com\/en\/boca-ca11\/","title":{"rendered":"BOCA CARAVANA 11"},"content":{"rendered":"\t\t<div data-elementor-type=\"wp-page\" data-elementor-id=\"4004\" class=\"elementor elementor-4004\">\n\t\t\t\t\t\t<section class=\"elementor-section elementor-top-section elementor-element elementor-element-eb4ca1d elementor-section-stretched elementor-section-full_width elementor-section-height-default elementor-section-height-default\" data-id=\"eb4ca1d\" data-element_type=\"section\" data-settings=\"{&quot;stretch_section&quot;:&quot;section-stretched&quot;}\">\n\t\t\t\t\t\t<div class=\"elementor-container elementor-column-gap-default\">\n\t\t\t\t\t<div class=\"elementor-column elementor-col-100 elementor-top-column elementor-element elementor-element-35d8111\" data-id=\"35d8111\" data-element_type=\"column\">\n\t\t\t<div class=\"elementor-widget-wrap elementor-element-populated\">\n\t\t\t\t\t\t<div class=\"elementor-element elementor-element-50c3851 elementor-widget elementor-widget-image\" data-id=\"50c3851\" data-element_type=\"widget\" data-widget_type=\"image.default\">\n\t\t\t\t<div class=\"elementor-widget-container\">\n\t\t\t\t\t\t\t\t\t\t\t\t\t\t\t<img fetchpriority=\"high\" decoding=\"async\" width=\"2000\" height=\"1000\" src=\"https:\/\/caravanaamericana.com\/wp-content\/uploads\/2020\/06\/BOCA-HEADER-2000X1000.jpg\" class=\"attachment-full size-full wp-image-1331\" alt=\"\" srcset=\"https:\/\/caravanaamericana.com\/wp-content\/uploads\/2020\/06\/BOCA-HEADER-2000X1000.jpg 2000w, https:\/\/caravanaamericana.com\/wp-content\/uploads\/2020\/06\/BOCA-HEADER-2000X1000-300x150.jpg 300w, https:\/\/caravanaamericana.com\/wp-content\/uploads\/2020\/06\/BOCA-HEADER-2000X1000-768x384.jpg 768w, https:\/\/caravanaamericana.com\/wp-content\/uploads\/2020\/06\/BOCA-HEADER-2000X1000-1024x512.jpg 1024w\" sizes=\"(max-width: 2000px) 100vw, 2000px\" \/>\t\t\t\t\t\t\t\t\t\t\t\t\t\t\t<\/div>\n\t\t\t\t<\/div>\n\t\t\t\t\t<\/div>\n\t\t<\/div>\n\t\t\t\t\t<\/div>\n\t\t<\/section>\n\t\t\t\t<section class=\"elementor-section elementor-top-section elementor-element elementor-element-97cf721 elementor-section-boxed elementor-section-height-default elementor-section-height-default\" data-id=\"97cf721\" data-element_type=\"section\" data-settings=\"{&quot;background_background&quot;:&quot;classic&quot;}\">\n\t\t\t\t\t\t<div class=\"elementor-container elementor-column-gap-default\">\n\t\t\t\t\t<div class=\"elementor-column elementor-col-100 elementor-top-column elementor-element elementor-element-d8cb6aa\" data-id=\"d8cb6aa\" data-element_type=\"column\">\n\t\t\t<div class=\"elementor-widget-wrap elementor-element-populated\">\n\t\t\t\t\t\t<div class=\"elementor-element elementor-element-7f9b666 elementor-widget elementor-widget-heading\" data-id=\"7f9b666\" data-element_type=\"widget\" data-widget_type=\"heading.default\">\n\t\t\t\t<div class=\"elementor-widget-container\">\n\t\t\t\t\t<h2 class=\"elementor-heading-title elementor-size-default\">BOCA MMXII<\/h2>\t\t\t\t<\/div>\n\t\t\t\t<\/div>\n\t\t\t\t<div class=\"elementor-element elementor-element-fd11800 elementor-widget elementor-widget-heading\" data-id=\"fd11800\" data-element_type=\"widget\" data-widget_type=\"heading.default\">\n\t\t\t\t<div class=\"elementor-widget-container\">\n\t\t\t\t\t<h2 class=\"elementor-heading-title elementor-size-default\">FASHION AND LIFESTYLE PRODUCTS. <BR \/>\nACCESORIOS DE MODA.<\/h2>\t\t\t\t<\/div>\n\t\t\t\t<\/div>\n\t\t\t\t\t<\/div>\n\t\t<\/div>\n\t\t\t\t\t<\/div>\n\t\t<\/section>\n\t\t\t\t<section class=\"elementor-section elementor-top-section elementor-element elementor-element-87f8e3a elementor-section-boxed elementor-section-height-default elementor-section-height-default\" data-id=\"87f8e3a\" data-element_type=\"section\">\n\t\t\t\t\t\t<div class=\"elementor-container elementor-column-gap-default\">\n\t\t\t\t\t<div class=\"elementor-column elementor-col-50 elementor-top-column elementor-element elementor-element-2fde66f\" data-id=\"2fde66f\" data-element_type=\"column\">\n\t\t\t<div class=\"elementor-widget-wrap elementor-element-populated\">\n\t\t\t\t\t\t<div class=\"elementor-element elementor-element-4da6470 elementor-widget elementor-widget-text-editor\" data-id=\"4da6470\" data-element_type=\"widget\" data-widget_type=\"text-editor.default\">\n\t\t\t\t<div class=\"elementor-widget-container\">\n\t\t\t\t\t\t\t\t\t<p>BOCA MMXII is a lifestyle brand born in 2012, according to the Mayans,\u00a0the year of a\u00a0new era. \u200b<\/p><p>We created this line to keep up with the\u00a0new rhythm of life, merging clean Italian design with the\u00a0intricate Mexican craft. \u00a0<\/p><p>Our products are simple designs with a special touch, specially thought\u00a0for the\u00a0joyful person who loves to travel in search of memorable experiences.<\/p><p>The best craftsmen weave our wristbands out of 16 strands of fine calfskin.\u00a0These same artisans make the unique leather work that you find on the sunglasses.<\/p><p>We also produce woven leather accessories such as wallets and computer cases that round-up\u00a0 Boca\u2019s braided-leather collection.<\/p>\t\t\t\t\t\t\t\t<\/div>\n\t\t\t\t<\/div>\n\t\t\t\t\t<\/div>\n\t\t<\/div>\n\t\t\t\t<div class=\"elementor-column elementor-col-50 elementor-top-column elementor-element elementor-element-1fc5336\" data-id=\"1fc5336\" data-element_type=\"column\">\n\t\t\t<div class=\"elementor-widget-wrap elementor-element-populated\">\n\t\t\t\t\t\t<div class=\"elementor-element elementor-element-5f01463 elementor-widget elementor-widget-text-editor\" data-id=\"5f01463\" data-element_type=\"widget\" data-widget_type=\"text-editor.default\">\n\t\t\t\t<div class=\"elementor-widget-container\">\n\t\t\t\t\t\t\t\t\t<p>BOCA MMXII es una marca de lifestyle que naci\u00f3 en el a\u00f1o de una nueva era, el 2012 (seg\u00fan los Mayas).<\/p><p>Hemos creado estas colecciones para mantener el paso con este nuevo ritmo de vida fusionando el limpio dise\u00f1o italiano con la intrincada artesan\u00eda mexicana.<\/p><p>Nuestros productos tienen un dise\u00f1o sencillo con un toque \u00fanico, especialmente pensados para gente que ama viajar en b\u00fasqueda de experiencias memorables.<\/p><p>Todas nuestras correas est\u00e1n hechas a mano por artesanos mexicanos que crean un trenzado de 16 tiras usando pieles de cabrita y becerro de la mejor calidad. Los mismos artesanos crean tambi\u00e9n el trenzado en piel de los lentes de sol.<\/p><p>Nuestra colecci\u00f3n de accesorios incluye carteras, maletines y bolsas de viaje, todas con nuestro ic\u00f3nico trabajo de piel trenzada.<\/p>\t\t\t\t\t\t\t\t<\/div>\n\t\t\t\t<\/div>\n\t\t\t\t\t<\/div>\n\t\t<\/div>\n\t\t\t\t\t<\/div>\n\t\t<\/section>\n\t\t\t\t<section class=\"elementor-section elementor-top-section elementor-element elementor-element-c5e55d8 elementor-section-stretched elementor-section-full_width elementor-section-height-default elementor-section-height-default\" data-id=\"c5e55d8\" data-element_type=\"section\" data-settings=\"{&quot;stretch_section&quot;:&quot;section-stretched&quot;}\">\n\t\t\t\t\t\t<div class=\"elementor-container elementor-column-gap-default\">\n\t\t\t\t\t<div class=\"elementor-column elementor-col-100 elementor-top-column elementor-element elementor-element-f1a3f35\" data-id=\"f1a3f35\" data-element_type=\"column\">\n\t\t\t<div class=\"elementor-widget-wrap elementor-element-populated\">\n\t\t\t\t\t\t<div class=\"elementor-element elementor-element-34c134f image_carousel elementor-arrows-position-inside elementor-widget elementor-widget-image-carousel\" data-id=\"34c134f\" data-element_type=\"widget\" data-settings=\"{&quot;slides_to_show&quot;:&quot;4&quot;,&quot;navigation&quot;:&quot;arrows&quot;,&quot;autoplay&quot;:&quot;yes&quot;,&quot;pause_on_hover&quot;:&quot;yes&quot;,&quot;pause_on_interaction&quot;:&quot;yes&quot;,&quot;autoplay_speed&quot;:5000,&quot;infinite&quot;:&quot;yes&quot;,&quot;speed&quot;:500}\" data-widget_type=\"image-carousel.default\">\n\t\t\t\t<div class=\"elementor-widget-container\">\n\t\t\t\t\t\t\t<div class=\"elementor-image-carousel-wrapper swiper\" role=\"region\" aria-roledescription=\"carousel\" aria-label=\"Image Carousel\" dir=\"ltr\">\n\t\t\t<div class=\"elementor-image-carousel swiper-wrapper swiper-image-stretch\" aria-live=\"off\">\n\t\t\t\t\t\t\t\t<div class=\"swiper-slide\" role=\"group\" aria-roledescription=\"slide\" aria-label=\"1 of 8\"><figure class=\"swiper-slide-inner\"><img decoding=\"async\" class=\"swiper-slide-image\" src=\"https:\/\/caravanaamericana.com\/wp-content\/uploads\/2020\/06\/boca_mmxii_8-768x1152.jpg\" alt=\"boca_mmxii_8\" \/><\/figure><\/div><div class=\"swiper-slide\" role=\"group\" aria-roledescription=\"slide\" aria-label=\"2 of 8\"><figure class=\"swiper-slide-inner\"><img decoding=\"async\" class=\"swiper-slide-image\" src=\"https:\/\/caravanaamericana.com\/wp-content\/uploads\/2020\/06\/boca_mmxii_11-768x1152.jpg\" alt=\"boca_mmxii_11\" \/><\/figure><\/div><div class=\"swiper-slide\" role=\"group\" aria-roledescription=\"slide\" aria-label=\"3 of 8\"><figure class=\"swiper-slide-inner\"><img decoding=\"async\" class=\"swiper-slide-image\" src=\"https:\/\/caravanaamericana.com\/wp-content\/uploads\/2020\/06\/boca_mmxii_4-768x1152.jpg\" alt=\"boca_mmxii_4\" \/><\/figure><\/div><div class=\"swiper-slide\" role=\"group\" aria-roledescription=\"slide\" aria-label=\"4 of 8\"><figure class=\"swiper-slide-inner\"><img decoding=\"async\" class=\"swiper-slide-image\" src=\"https:\/\/caravanaamericana.com\/wp-content\/uploads\/2020\/06\/boca_mmxii_6-768x1152.jpg\" alt=\"boca_mmxii_6\" \/><\/figure><\/div><div class=\"swiper-slide\" role=\"group\" aria-roledescription=\"slide\" aria-label=\"5 of 8\"><figure class=\"swiper-slide-inner\"><img decoding=\"async\" class=\"swiper-slide-image\" src=\"https:\/\/caravanaamericana.com\/wp-content\/uploads\/2020\/06\/boca_mmxii_5-768x1152.jpg\" alt=\"boca_mmxii_5\" \/><\/figure><\/div><div class=\"swiper-slide\" role=\"group\" aria-roledescription=\"slide\" aria-label=\"6 of 8\"><figure class=\"swiper-slide-inner\"><img decoding=\"async\" class=\"swiper-slide-image\" src=\"https:\/\/caravanaamericana.com\/wp-content\/uploads\/2020\/06\/boca_mmxii_10-768x1152.jpg\" alt=\"boca_mmxii_10\" \/><\/figure><\/div><div class=\"swiper-slide\" role=\"group\" aria-roledescription=\"slide\" aria-label=\"7 of 8\"><figure class=\"swiper-slide-inner\"><img decoding=\"async\" class=\"swiper-slide-image\" src=\"https:\/\/caravanaamericana.com\/wp-content\/uploads\/2020\/06\/boca_mmxii_7-768x1152.jpg\" alt=\"boca_mmxii_7\" \/><\/figure><\/div><div class=\"swiper-slide\" role=\"group\" aria-roledescription=\"slide\" aria-label=\"8 of 8\"><figure class=\"swiper-slide-inner\"><img decoding=\"async\" class=\"swiper-slide-image\" src=\"https:\/\/caravanaamericana.com\/wp-content\/uploads\/2020\/06\/boca_mmxii_9-768x1152.jpg\" alt=\"boca_mmxii_9\" \/><\/figure><\/div>\t\t\t<\/div>\n\t\t\t\t\t\t\t\t\t\t\t\t<div class=\"elementor-swiper-button elementor-swiper-button-prev\" role=\"button\" tabindex=\"0\">\n\t\t\t\t\t\t<i aria-hidden=\"true\" class=\"eicon-chevron-left\"><\/i>\t\t\t\t\t<\/div>\n\t\t\t\t\t<div class=\"elementor-swiper-button elementor-swiper-button-next\" role=\"button\" tabindex=\"0\">\n\t\t\t\t\t\t<i aria-hidden=\"true\" class=\"eicon-chevron-right\"><\/i>\t\t\t\t\t<\/div>\n\t\t\t\t\n\t\t\t\t\t\t\t\t\t<\/div>\n\t\t\t\t\t\t<\/div>\n\t\t\t\t<\/div>\n\t\t\t\t\t<\/div>\n\t\t<\/div>\n\t\t\t\t\t<\/div>\n\t\t<\/section>\n\t\t\t\t<section class=\"elementor-section elementor-top-section elementor-element elementor-element-71880fc elementor-section-boxed elementor-section-height-default elementor-section-height-default\" data-id=\"71880fc\" data-element_type=\"section\">\n\t\t\t\t\t\t<div class=\"elementor-container elementor-column-gap-default\">\n\t\t\t\t\t<div class=\"elementor-column elementor-col-33 elementor-top-column elementor-element elementor-element-85089df\" data-id=\"85089df\" data-element_type=\"column\">\n\t\t\t<div class=\"elementor-widget-wrap elementor-element-populated\">\n\t\t\t\t\t\t<div class=\"elementor-element elementor-element-d92feee elementor-widget elementor-widget-image-box\" data-id=\"d92feee\" data-element_type=\"widget\" data-widget_type=\"image-box.default\">\n\t\t\t\t<div class=\"elementor-widget-container\">\n\t\t\t\t\t<div class=\"elementor-image-box-wrapper\"><div class=\"elementor-image-box-content\"><h3 class=\"elementor-image-box-title\">Caravana B2B<\/h3><p class=\"elementor-image-box-description\">\u00bfAre you a buyer?\nDiscover our latest collections in our online catalogue.<br\/><br\/>\u00bfEres comprador profesional? Descubre nuestro cat\u00e1logo virtual con las colecciones para mayoreo.<\/p><\/div><\/div>\t\t\t\t<\/div>\n\t\t\t\t<\/div>\n\t\t\t\t<div class=\"elementor-element elementor-element-addfb5e elementor-align-center elementor-widget elementor-widget-button\" data-id=\"addfb5e\" data-element_type=\"widget\" data-widget_type=\"button.default\">\n\t\t\t\t<div class=\"elementor-widget-container\">\n\t\t\t\t\t\t\t\t\t<div class=\"elementor-button-wrapper\">\n\t\t\t\t\t<a class=\"elementor-button elementor-button-link elementor-size-sm\" href=\"http:\/\/www.brandboom.com\/app\/a\/F2DA5E6200E\" target=\"_blank\">\n\t\t\t\t\t\t<span class=\"elementor-button-content-wrapper\">\n\t\t\t\t\t\t\t\t\t<span class=\"elementor-button-text\">ORDER \/ ORDENA<\/span>\n\t\t\t\t\t<\/span>\n\t\t\t\t\t<\/a>\n\t\t\t\t<\/div>\n\t\t\t\t\t\t\t\t<\/div>\n\t\t\t\t<\/div>\n\t\t\t\t<div class=\"elementor-element elementor-element-0b7c88f elementor-hidden-desktop elementor-widget-divider--view-line elementor-widget elementor-widget-divider\" data-id=\"0b7c88f\" data-element_type=\"widget\" data-widget_type=\"divider.default\">\n\t\t\t\t<div class=\"elementor-widget-container\">\n\t\t\t\t\t\t\t<div class=\"elementor-divider\">\n\t\t\t<span class=\"elementor-divider-separator\">\n\t\t\t\t\t\t<\/span>\n\t\t<\/div>\n\t\t\t\t\t\t<\/div>\n\t\t\t\t<\/div>\n\t\t\t\t\t<\/div>\n\t\t<\/div>\n\t\t\t\t<div class=\"elementor-column elementor-col-33 elementor-top-column elementor-element elementor-element-d6c1035\" data-id=\"d6c1035\" data-element_type=\"column\">\n\t\t\t<div class=\"elementor-widget-wrap elementor-element-populated\">\n\t\t\t\t\t\t<div class=\"elementor-element elementor-element-2daf8e4 elementor-widget elementor-widget-image-box\" data-id=\"2daf8e4\" data-element_type=\"widget\" data-widget_type=\"image-box.default\">\n\t\t\t\t<div class=\"elementor-widget-container\">\n\t\t\t\t\t<div class=\"elementor-image-box-wrapper\"><div class=\"elementor-image-box-content\"><h3 class=\"elementor-image-box-title\">Book a meeting<\/h3><p class=\"elementor-image-box-description\">\u00bfAre you a buyer? Schedule an appointment with us to learn more about our products.<br\/><br\/>\u00bfEres comprador profesional? Agenda una cita con nosotros para tener m\u00e1s info de las colecciones.<\/p><\/div><\/div>\t\t\t\t<\/div>\n\t\t\t\t<\/div>\n\t\t\t\t<div class=\"elementor-element elementor-element-35dadb9 elementor-align-center elementor-widget elementor-widget-button\" data-id=\"35dadb9\" data-element_type=\"widget\" data-widget_type=\"button.default\">\n\t\t\t\t<div class=\"elementor-widget-container\">\n\t\t\t\t\t\t\t\t\t<div class=\"elementor-button-wrapper\">\n\t\t\t\t\t<a class=\"elementor-button elementor-button-link elementor-size-sm\" href=\"https:\/\/calendly.com\/bocatime\" target=\"_blank\">\n\t\t\t\t\t\t<span class=\"elementor-button-content-wrapper\">\n\t\t\t\t\t\t\t\t\t<span class=\"elementor-button-text\">BOOK \/ AGENDA<\/span>\n\t\t\t\t\t<\/span>\n\t\t\t\t\t<\/a>\n\t\t\t\t<\/div>\n\t\t\t\t\t\t\t\t<\/div>\n\t\t\t\t<\/div>\n\t\t\t\t<div class=\"elementor-element elementor-element-fe5147c elementor-hidden-desktop elementor-widget-divider--view-line elementor-widget elementor-widget-divider\" data-id=\"fe5147c\" data-element_type=\"widget\" data-widget_type=\"divider.default\">\n\t\t\t\t<div class=\"elementor-widget-container\">\n\t\t\t\t\t\t\t<div class=\"elementor-divider\">\n\t\t\t<span class=\"elementor-divider-separator\">\n\t\t\t\t\t\t<\/span>\n\t\t<\/div>\n\t\t\t\t\t\t<\/div>\n\t\t\t\t<\/div>\n\t\t\t\t\t<\/div>\n\t\t<\/div>\n\t\t\t\t<div class=\"elementor-column elementor-col-33 elementor-top-column elementor-element elementor-element-86820e9\" data-id=\"86820e9\" data-element_type=\"column\">\n\t\t\t<div class=\"elementor-widget-wrap elementor-element-populated\">\n\t\t\t\t\t\t<div class=\"elementor-element elementor-element-595e1a4 elementor-widget elementor-widget-image-box\" data-id=\"595e1a4\" data-element_type=\"widget\" data-widget_type=\"image-box.default\">\n\t\t\t\t<div class=\"elementor-widget-container\">\n\t\t\t\t\t<div class=\"elementor-image-box-wrapper\"><div class=\"elementor-image-box-content\"><h3 class=\"elementor-image-box-title\">Our Website<\/h3><p class=\"elementor-image-box-description\">Learn more about us on our website.<br\/><br\/><br\/>Conoce m\u00e1s acerca de nosotros en nuestra p\u00e1gina web.\u200b<\/p><\/div><\/div>\t\t\t\t<\/div>\n\t\t\t\t<\/div>\n\t\t\t\t<div class=\"elementor-element elementor-element-f138a85 elementor-hidden-tablet elementor-hidden-phone elementor-widget elementor-widget-spacer\" data-id=\"f138a85\" data-element_type=\"widget\" data-widget_type=\"spacer.default\">\n\t\t\t\t<div class=\"elementor-widget-container\">\n\t\t\t\t\t\t\t<div class=\"elementor-spacer\">\n\t\t\t<div class=\"elementor-spacer-inner\"><\/div>\n\t\t<\/div>\n\t\t\t\t\t\t<\/div>\n\t\t\t\t<\/div>\n\t\t\t\t<div class=\"elementor-element elementor-element-087ecb4 elementor-align-center elementor-widget elementor-widget-button\" data-id=\"087ecb4\" data-element_type=\"widget\" data-widget_type=\"button.default\">\n\t\t\t\t<div class=\"elementor-widget-container\">\n\t\t\t\t\t\t\t\t\t<div class=\"elementor-button-wrapper\">\n\t\t\t\t\t<a class=\"elementor-button elementor-button-link elementor-size-sm\" href=\"https:\/\/bocatime.com\/\" target=\"_blank\">\n\t\t\t\t\t\t<span class=\"elementor-button-content-wrapper\">\n\t\t\t\t\t\t\t\t\t<span class=\"elementor-button-text\">VISIT \/ VISITAR<\/span>\n\t\t\t\t\t<\/span>\n\t\t\t\t\t<\/a>\n\t\t\t\t<\/div>\n\t\t\t\t\t\t\t\t<\/div>\n\t\t\t\t<\/div>\n\t\t\t\t<div class=\"elementor-element elementor-element-18b997c elementor-hidden-desktop elementor-widget-divider--view-line elementor-widget elementor-widget-divider\" data-id=\"18b997c\" data-element_type=\"widget\" data-widget_type=\"divider.default\">\n\t\t\t\t<div class=\"elementor-widget-container\">\n\t\t\t\t\t\t\t<div class=\"elementor-divider\">\n\t\t\t<span class=\"elementor-divider-separator\">\n\t\t\t\t\t\t<\/span>\n\t\t<\/div>\n\t\t\t\t\t\t<\/div>\n\t\t\t\t<\/div>\n\t\t\t\t\t<\/div>\n\t\t<\/div>\n\t\t\t\t\t<\/div>\n\t\t<\/section>\n\t\t\t\t<\/div>\n\t\t","protected":false},"excerpt":{"rendered":"<p>BOCA MMXII FASHION AND LIFESTYLE PRODUCTS. ACCESORIOS DE MODA. BOCA MMXII is a lifestyle brand born in 2012, according to the Mayans,\u00a0the year of a\u00a0new era. \u200b We created this line to keep up with the\u00a0new rhythm of life, merging clean Italian design with the\u00a0intricate Mexican craft. \u00a0 Our products are simple designs with a [&hellip;]<\/p>\n","protected":false},"author":2,"featured_media":0,"parent":0,"menu_order":0,"comment_status":"closed","ping_status":"closed","template":"elementor_header_footer","meta":{"footnotes":""},"class_list":["post-4004","page","type-page","status-publish","hentry"],"translation":{"provider":"WPGlobus","version":"3.0.0","language":"en","enabled_languages":["es","en"],"languages":{"es":{"title":true,"content":true,"excerpt":false},"en":{"title":false,"content":false,"excerpt":false}}},"aioseo_notices":[],"_links":{"self":[{"href":"https:\/\/caravanaamericana.com\/en\/wp-json\/wp\/v2\/pages\/4004","targetHints":{"allow":["GET"]}}],"collection":[{"href":"https:\/\/caravanaamericana.com\/en\/wp-json\/wp\/v2\/pages"}],"about":[{"href":"https:\/\/caravanaamericana.com\/en\/wp-json\/wp\/v2\/types\/page"}],"author":[{"embeddable":true,"href":"https:\/\/caravanaamericana.com\/en\/wp-json\/wp\/v2\/users\/2"}],"replies":[{"embeddable":true,"href":"https:\/\/caravanaamericana.com\/en\/wp-json\/wp\/v2\/comments?post=4004"}],"version-history":[{"count":11,"href":"https:\/\/caravanaamericana.com\/en\/wp-json\/wp\/v2\/pages\/4004\/revisions"}],"predecessor-version":[{"id":4538,"href":"https:\/\/caravanaamericana.com\/en\/wp-json\/wp\/v2\/pages\/4004\/revisions\/4538"}],"wp:attachment":[{"href":"https:\/\/caravanaamericana.com\/en\/wp-json\/wp\/v2\/media?parent=4004"}],"curies":[{"name":"wp","href":"https:\/\/api.w.org\/{rel}","templated":true}]}}