{"id":5214,"date":"2021-09-30T18:50:40","date_gmt":"2021-09-30T23:50:40","guid":{"rendered":"https:\/\/caravanaamericana.com\/?page_id=5214"},"modified":"2021-09-30T18:56:01","modified_gmt":"2021-09-30T23:56:01","slug":"andrea-landa-ca11","status":"publish","type":"page","link":"https:\/\/caravanaamericana.com\/en\/andrea-landa-ca11\/","title":{"rendered":"ANDREA LANDA CARAVANA 11"},"content":{"rendered":"\t\t<div data-elementor-type=\"wp-page\" data-elementor-id=\"5214\" class=\"elementor elementor-5214\">\n\t\t\t\t\t\t<section class=\"elementor-section elementor-top-section elementor-element elementor-element-eb4ca1d elementor-section-stretched elementor-section-full_width elementor-section-height-default elementor-section-height-default\" data-id=\"eb4ca1d\" data-element_type=\"section\" data-settings=\"{&quot;stretch_section&quot;:&quot;section-stretched&quot;}\">\n\t\t\t\t\t\t<div class=\"elementor-container elementor-column-gap-default\">\n\t\t\t\t\t<div class=\"elementor-column elementor-col-100 elementor-top-column elementor-element elementor-element-35d8111\" data-id=\"35d8111\" data-element_type=\"column\">\n\t\t\t<div class=\"elementor-widget-wrap elementor-element-populated\">\n\t\t\t\t\t\t<div class=\"elementor-element elementor-element-50c3851 elementor-widget elementor-widget-image\" data-id=\"50c3851\" data-element_type=\"widget\" data-widget_type=\"image.default\">\n\t\t\t\t<div class=\"elementor-widget-container\">\n\t\t\t\t\t\t\t\t\t\t\t\t\t\t\t<img fetchpriority=\"high\" decoding=\"async\" width=\"2000\" height=\"1000\" src=\"https:\/\/caravanaamericana.com\/wp-content\/uploads\/2021\/09\/Andrea-Landa-principal.jpg\" class=\"attachment-full size-full wp-image-5220\" alt=\"Andrea Landa Caravana Americana\" srcset=\"https:\/\/caravanaamericana.com\/wp-content\/uploads\/2021\/09\/Andrea-Landa-principal.jpg 2000w, https:\/\/caravanaamericana.com\/wp-content\/uploads\/2021\/09\/Andrea-Landa-principal-300x150.jpg 300w, https:\/\/caravanaamericana.com\/wp-content\/uploads\/2021\/09\/Andrea-Landa-principal-768x384.jpg 768w, https:\/\/caravanaamericana.com\/wp-content\/uploads\/2021\/09\/Andrea-Landa-principal-1024x512.jpg 1024w\" sizes=\"(max-width: 2000px) 100vw, 2000px\" \/>\t\t\t\t\t\t\t\t\t\t\t\t\t\t\t<\/div>\n\t\t\t\t<\/div>\n\t\t\t\t\t<\/div>\n\t\t<\/div>\n\t\t\t\t\t<\/div>\n\t\t<\/section>\n\t\t\t\t<section class=\"elementor-section elementor-top-section elementor-element elementor-element-97cf721 elementor-section-boxed elementor-section-height-default elementor-section-height-default\" data-id=\"97cf721\" data-element_type=\"section\" data-settings=\"{&quot;background_background&quot;:&quot;classic&quot;}\">\n\t\t\t\t\t\t<div class=\"elementor-container elementor-column-gap-default\">\n\t\t\t\t\t<div class=\"elementor-column elementor-col-100 elementor-top-column elementor-element elementor-element-d8cb6aa\" data-id=\"d8cb6aa\" data-element_type=\"column\">\n\t\t\t<div class=\"elementor-widget-wrap elementor-element-populated\">\n\t\t\t\t\t\t<div class=\"elementor-element elementor-element-7f9b666 elementor-widget elementor-widget-heading\" data-id=\"7f9b666\" data-element_type=\"widget\" data-widget_type=\"heading.default\">\n\t\t\t\t<div class=\"elementor-widget-container\">\n\t\t\t\t\t<h2 class=\"elementor-heading-title elementor-size-default\">ANDREA LANDA<\/h2>\t\t\t\t<\/div>\n\t\t\t\t<\/div>\n\t\t\t\t<div class=\"elementor-element elementor-element-fd11800 elementor-widget elementor-widget-heading\" data-id=\"fd11800\" data-element_type=\"widget\" data-widget_type=\"heading.default\">\n\t\t\t\t<div class=\"elementor-widget-container\">\n\t\t\t\t\t<h2 class=\"elementor-heading-title elementor-size-default\">FASHION - MODA<\/h2>\t\t\t\t<\/div>\n\t\t\t\t<\/div>\n\t\t\t\t\t<\/div>\n\t\t<\/div>\n\t\t\t\t\t<\/div>\n\t\t<\/section>\n\t\t\t\t<section class=\"elementor-section elementor-top-section elementor-element elementor-element-87f8e3a elementor-section-boxed elementor-section-height-default elementor-section-height-default\" data-id=\"87f8e3a\" data-element_type=\"section\">\n\t\t\t\t\t\t<div class=\"elementor-container elementor-column-gap-default\">\n\t\t\t\t\t<div class=\"elementor-column elementor-col-50 elementor-top-column elementor-element elementor-element-2fde66f\" data-id=\"2fde66f\" data-element_type=\"column\">\n\t\t\t<div class=\"elementor-widget-wrap elementor-element-populated\">\n\t\t\t\t\t\t<div class=\"elementor-element elementor-element-4da6470 elementor-widget elementor-widget-text-editor\" data-id=\"4da6470\" data-element_type=\"widget\" data-widget_type=\"text-editor.default\">\n\t\t\t\t<div class=\"elementor-widget-container\">\n\t\t\t\t\t\t\t\t\t<p class=\"p1\">ANDREA LANDA\u00b4S connection with fashion emerged in an innate way, since she was a little girl she has been surrounded by patterns, buckles and countless leather skins. Supplies and materials that were part of her mother&#8217;s leather goods workshop, a space where she grew up seeing the work of Colombian artisans and sharing the creative process involved in the design.<\/p><p class=\"p1\">In 2005 she began her studies in Fashion Marketing and Communication at the European Design Institute in Barcelona. In 2008, Andrea graduated from IED and began her year internships at major firms such as Emblem Communications, Adrian Mustelin Spectales and Martin Lamothe. For Andrea, all that she had learned, tied in with her connection with fashion, were unequivocal conditions which led her to enroll in 2009 at the Istituto Marangoni in London, where she began her Fashion Design studies. There, she regained touch with her creative roots; The result: her first collection that was presented in 2012, awarded as the best of her cohort. That same year, she received the invitation of the Cali Exposhow to present her collection at the event; This was her first catwalk, which earned her excellent reviews and several commercial proposals. Circumstances that motivated her to assume the leadership of the her mom\u00b4s workshop and the beginning of her own brand.<\/p><p class=\"p1\">Thus Andrea Landa, the brand, was born. A timeless and universal proposal that combines both a traditional and a contemporary language. Qualities that quickly caught the attention of the public and the media, in fact, in 2013 she participated in El Cubo, a platform that announces new fashion proposals in her native country. In 2014, she was selected for the Culture E Catwalk of the Medellin City Hall and that same year the designer received the IAF &#8211; Designer Fashion Award, an international recognition, which led her to present her collection the following year in Turkey. In 2015, she was part of Colombiamoda&#8217;s Non Stop space and was awarded by Infashion Magazine as 2015 Revelation Designer of the year. In 2016, she participated again in Colombiamoda with the Infashion Catwalk. During 2017, the brand focused on consolidating its identity and opening international markets. In 2018 Andrea Landa returned to Colombiamoda and was part of the Chevrolet Catwalk.<\/p><p class=\"p1\">Catalina Landa her sister with more than 15 years of experience in retail, marketing and brand management, after working with brands such as Nine West, Steve Madden, Parfois, The North Face, amongst others; has joined the team as the Commercial Director of the brand. Together with their father Jos\u00e9 Carlos who is the financial director, they work day by day to strengthen their sustainable business strategies focused on international markets in order to bring this legacy to the world.<\/p><p class=\"p1\">Currently the brand produces all the garments with 100% Chrome Free leather and every single piece is hand cut and handmade in their workshop in the center of Medellin-Colombia.<\/p>\t\t\t\t\t\t\t\t<\/div>\n\t\t\t\t<\/div>\n\t\t\t\t\t<\/div>\n\t\t<\/div>\n\t\t\t\t<div class=\"elementor-column elementor-col-50 elementor-top-column elementor-element elementor-element-1fc5336\" data-id=\"1fc5336\" data-element_type=\"column\">\n\t\t\t<div class=\"elementor-widget-wrap elementor-element-populated\">\n\t\t\t\t\t\t<div class=\"elementor-element elementor-element-5f01463 elementor-widget elementor-widget-text-editor\" data-id=\"5f01463\" data-element_type=\"widget\" data-widget_type=\"text-editor.default\">\n\t\t\t\t<div class=\"elementor-widget-container\">\n\t\t\t\t\t\t\t\t\t<p>Su conexi\u00f3n con la moda surgi\u00f3 de manera innata, pues desde ni\u00f1a estuvo rodeada por moldes,\u00a0 herrajes e infinidad de pieles. Insumos y materiales que hac\u00edan parte del taller de marroquiner\u00eda de\u00a0 su madre, un espacio en el que creci\u00f3 viendo el trabajo de los artesanos colombianos y\u00a0 compartiendo los procesos creativos que encierra el dise\u00f1o.\u00a0\u00a0<\/p><p>En 2005 inici\u00f3 sus estudios de mercadeo y comunicaci\u00f3n de moda en el Instituto Europeo de\u00a0 Dise\u00f1o en Barcelona. En 2008, Andrea se gradu\u00f3 del IED e inici\u00f3 su a\u00f1o de pr\u00e1ctica en\u00a0 importantes firmas como Emblem Communications, Adrian Mustelin Spectales y Martin Lamothe.\u00a0 Para Andrea, el bagaje adquirido hasta ese momento, sumado a su conexi\u00f3n con la moda, fueron\u00a0 condiciones inequ\u00edvocas para decidir inscribirse en 2009 en el Istituto Marangoni de Londres,\u00a0 donde inici\u00f3 sus estudios de dise\u00f1o de moda. All\u00ed, retom\u00f3 sus ra\u00edces creativas; el resultado fue una\u00a0 colecci\u00f3n de grado que present\u00f3 en 2012, premiada como la mejor de su cohorte. Ese mismo a\u00f1o,\u00a0 recibi\u00f3 la invitaci\u00f3n de la feria Cali Exposhow para presentar su colecci\u00f3n en este evento; \u00e9sta fue su\u00a0 primera pasarela, la cual le mereci\u00f3 excelentes cr\u00edticas y varias propuestas comerciales.\u00a0 Circunstancias que la motivaron a asumir el liderazgo del taller de marroquiner\u00eda que perteneci\u00f3 a su\u00a0 madre e iniciar la estructuraci\u00f3n de su propia marca.\u00a0\u00a0<\/p><p>As\u00ed naci\u00f3 Andrea Landa, la marca. Una propuesta de car\u00e1cter atemporal y universal que conjuga el\u00a0 lenguaje tradicional con el contempor\u00e1neo. Cualidades que r\u00e1pidamente llamaron la atenci\u00f3n del\u00a0 p\u00fablico y el medio, de hecho, en 2013 particip\u00f3 en El Cubo, plataforma que da a conocer nuevas\u00a0 propuestas de moda en el pa\u00eds. En 2014 fue seleccionada para la pasarela Cultura E de la Alcald\u00eda\u00a0 de Medell\u00edn y ese mismo a\u00f1o la dise\u00f1adora recibi\u00f3 el IAF &#8211; Designer Fashion Award, un\u00a0 reconocimiento de car\u00e1cter internacional, que la llev\u00f3 a presentar su colecci\u00f3n el a\u00f1o siguiente en\u00a0 Turqu\u00eda. En 2015 hizo parte del espacio Non Stop de Colombiamoda y fue galardonada por la\u00a0 revista Infashion como dise\u00f1adora revelaci\u00f3n. En 2016 particip\u00f3, nuevamente, en Colombiamoda\u00a0 con la pasarela Infashion. Durante 2017, la marca se enfoc\u00f3 en consolidar su identidad y en abrir\u00a0 mercados internacionales. En 2018 Andrea Landa regres\u00f3 a Colombiamoda e hizo parte de la\u00a0 pasarela Chevrolet.\u00a0\u00a0<\/p><p>La trayectoria de la firma incluye la participaci\u00f3n por tres a\u00f1os consecutivos en la feria Caravana\u00a0 Americana, colaboraciones con firmas como Johana Ortiz y Superga, entre otras. As\u00ed mismo,\u00a0 rese\u00f1as en importantes publicaciones nacionales e internacionales.\u00a0\u00a0<\/p><p class=\"p1\">Actualmente, a la marca se sum\u00f3 su hermana Catalina quien tiene un amplio conocimiento de retail,\u00a0 mercadeo y brand management, pues lleva m\u00e1s de 15 a\u00f1os trabajando en estos temas con marcas\u00a0 como Nine West, Steve Madden, Parfois, Coach, entre otras. Juntas con su padrea Jos\u00e9 Carlos que\u00a0 se encarga de todos los temas financieros trabajan d\u00eda a d\u00eda en fortalecer sus estrategias comerciales\u00a0 sostenibles enfocadas en los mercados internacionales con el fin de llevar este legado al mundo.<\/p>\t\t\t\t\t\t\t\t<\/div>\n\t\t\t\t<\/div>\n\t\t\t\t\t<\/div>\n\t\t<\/div>\n\t\t\t\t\t<\/div>\n\t\t<\/section>\n\t\t\t\t<section class=\"elementor-section elementor-top-section elementor-element elementor-element-c5e55d8 elementor-section-stretched elementor-section-full_width elementor-section-height-default elementor-section-height-default\" data-id=\"c5e55d8\" data-element_type=\"section\" data-settings=\"{&quot;stretch_section&quot;:&quot;section-stretched&quot;}\">\n\t\t\t\t\t\t<div class=\"elementor-container elementor-column-gap-default\">\n\t\t\t\t\t<div class=\"elementor-column elementor-col-100 elementor-top-column elementor-element elementor-element-f1a3f35\" data-id=\"f1a3f35\" data-element_type=\"column\">\n\t\t\t<div class=\"elementor-widget-wrap elementor-element-populated\">\n\t\t\t\t\t\t<div class=\"elementor-element elementor-element-34c134f image_carousel elementor-arrows-position-inside elementor-widget elementor-widget-image-carousel\" data-id=\"34c134f\" data-element_type=\"widget\" data-settings=\"{&quot;slides_to_show&quot;:&quot;4&quot;,&quot;navigation&quot;:&quot;arrows&quot;,&quot;autoplay&quot;:&quot;yes&quot;,&quot;pause_on_hover&quot;:&quot;yes&quot;,&quot;pause_on_interaction&quot;:&quot;yes&quot;,&quot;autoplay_speed&quot;:5000,&quot;infinite&quot;:&quot;yes&quot;,&quot;speed&quot;:500}\" data-widget_type=\"image-carousel.default\">\n\t\t\t\t<div class=\"elementor-widget-container\">\n\t\t\t\t\t\t\t<div class=\"elementor-image-carousel-wrapper swiper\" role=\"region\" aria-roledescription=\"carousel\" aria-label=\"Image Carousel\" dir=\"ltr\">\n\t\t\t<div class=\"elementor-image-carousel swiper-wrapper swiper-image-stretch\" aria-live=\"off\">\n\t\t\t\t\t\t\t\t<div class=\"swiper-slide\" role=\"group\" aria-roledescription=\"slide\" aria-label=\"1 of 4\"><figure class=\"swiper-slide-inner\"><img decoding=\"async\" class=\"swiper-slide-image\" src=\"https:\/\/caravanaamericana.com\/wp-content\/uploads\/2021\/09\/Andrea-Landa-4-768x1152.jpg\" alt=\"Andrea Landa Caravana Americana\" \/><\/figure><\/div><div class=\"swiper-slide\" role=\"group\" aria-roledescription=\"slide\" aria-label=\"2 of 4\"><figure class=\"swiper-slide-inner\"><img decoding=\"async\" class=\"swiper-slide-image\" src=\"https:\/\/caravanaamericana.com\/wp-content\/uploads\/2021\/09\/Andrea-Landa-3-768x1152.jpg\" alt=\"Andrea Landa Caravana Americana\" \/><\/figure><\/div><div class=\"swiper-slide\" role=\"group\" aria-roledescription=\"slide\" aria-label=\"3 of 4\"><figure class=\"swiper-slide-inner\"><img decoding=\"async\" class=\"swiper-slide-image\" src=\"https:\/\/caravanaamericana.com\/wp-content\/uploads\/2021\/09\/Andrea-Landa-1-768x1152.jpg\" alt=\"Andrea Landa Caravana Americana\" \/><\/figure><\/div><div class=\"swiper-slide\" role=\"group\" aria-roledescription=\"slide\" aria-label=\"4 of 4\"><figure class=\"swiper-slide-inner\"><img decoding=\"async\" class=\"swiper-slide-image\" src=\"https:\/\/caravanaamericana.com\/wp-content\/uploads\/2021\/09\/Andrea-Landa-2-768x1152.jpg\" alt=\"Andrea Landa Caravana Americana\" \/><\/figure><\/div>\t\t\t<\/div>\n\t\t\t\t\t\t\t\t\t\t\t\t<div class=\"elementor-swiper-button elementor-swiper-button-prev\" role=\"button\" tabindex=\"0\">\n\t\t\t\t\t\t<i aria-hidden=\"true\" class=\"eicon-chevron-left\"><\/i>\t\t\t\t\t<\/div>\n\t\t\t\t\t<div class=\"elementor-swiper-button elementor-swiper-button-next\" role=\"button\" tabindex=\"0\">\n\t\t\t\t\t\t<i aria-hidden=\"true\" class=\"eicon-chevron-right\"><\/i>\t\t\t\t\t<\/div>\n\t\t\t\t\n\t\t\t\t\t\t\t\t\t<\/div>\n\t\t\t\t\t\t<\/div>\n\t\t\t\t<\/div>\n\t\t\t\t\t<\/div>\n\t\t<\/div>\n\t\t\t\t\t<\/div>\n\t\t<\/section>\n\t\t\t\t<section class=\"elementor-section elementor-top-section elementor-element elementor-element-9974d5a elementor-section-boxed elementor-section-height-default elementor-section-height-default\" data-id=\"9974d5a\" data-element_type=\"section\">\n\t\t\t\t\t\t<div class=\"elementor-container elementor-column-gap-default\">\n\t\t\t\t\t<div class=\"elementor-column elementor-col-33 elementor-top-column elementor-element elementor-element-ca1bdd4\" data-id=\"ca1bdd4\" data-element_type=\"column\">\n\t\t\t<div class=\"elementor-widget-wrap elementor-element-populated\">\n\t\t\t\t\t\t<div class=\"elementor-element elementor-element-0c0f63a elementor-widget elementor-widget-image-box\" data-id=\"0c0f63a\" data-element_type=\"widget\" data-widget_type=\"image-box.default\">\n\t\t\t\t<div class=\"elementor-widget-container\">\n\t\t\t\t\t<div class=\"elementor-image-box-wrapper\"><div class=\"elementor-image-box-content\"><h3 class=\"elementor-image-box-title\">Caravana B2B<\/h3><p class=\"elementor-image-box-description\">\u00bfAre you a buyer?\nDiscover our latest collections in our online catalogue.<br\/><br\/>\u00bfEres comprador profesional? Descubre nuestro cat\u00e1logo virtual con las colecciones para mayoreo.<\/p><\/div><\/div>\t\t\t\t<\/div>\n\t\t\t\t<\/div>\n\t\t\t\t<div class=\"elementor-element elementor-element-1866bd6 elementor-align-center elementor-widget elementor-widget-button\" data-id=\"1866bd6\" data-element_type=\"widget\" data-widget_type=\"button.default\">\n\t\t\t\t<div class=\"elementor-widget-container\">\n\t\t\t\t\t\t\t\t\t<div class=\"elementor-button-wrapper\">\n\t\t\t\t\t<a class=\"elementor-button elementor-button-link elementor-size-sm\" href=\"http:\/\/www.brandboom.com\/app\/a\/8D26E46C4F8\" target=\"_blank\">\n\t\t\t\t\t\t<span class=\"elementor-button-content-wrapper\">\n\t\t\t\t\t\t\t\t\t<span class=\"elementor-button-text\">ORDER \/ ORDENA<\/span>\n\t\t\t\t\t<\/span>\n\t\t\t\t\t<\/a>\n\t\t\t\t<\/div>\n\t\t\t\t\t\t\t\t<\/div>\n\t\t\t\t<\/div>\n\t\t\t\t<div class=\"elementor-element elementor-element-a098965 elementor-hidden-desktop elementor-widget-divider--view-line elementor-widget elementor-widget-divider\" data-id=\"a098965\" data-element_type=\"widget\" data-widget_type=\"divider.default\">\n\t\t\t\t<div class=\"elementor-widget-container\">\n\t\t\t\t\t\t\t<div class=\"elementor-divider\">\n\t\t\t<span class=\"elementor-divider-separator\">\n\t\t\t\t\t\t<\/span>\n\t\t<\/div>\n\t\t\t\t\t\t<\/div>\n\t\t\t\t<\/div>\n\t\t\t\t\t<\/div>\n\t\t<\/div>\n\t\t\t\t<div class=\"elementor-column elementor-col-33 elementor-top-column elementor-element elementor-element-f7ac8ab\" data-id=\"f7ac8ab\" data-element_type=\"column\">\n\t\t\t<div class=\"elementor-widget-wrap elementor-element-populated\">\n\t\t\t\t\t\t<div class=\"elementor-element elementor-element-1388e90 elementor-widget elementor-widget-image-box\" data-id=\"1388e90\" data-element_type=\"widget\" data-widget_type=\"image-box.default\">\n\t\t\t\t<div class=\"elementor-widget-container\">\n\t\t\t\t\t<div class=\"elementor-image-box-wrapper\"><div class=\"elementor-image-box-content\"><h3 class=\"elementor-image-box-title\">Book a meeting<\/h3><p class=\"elementor-image-box-description\">\u00bfAre you a buyer? Schedule an appointment with us to learn more about our products.<br\/><br\/>\u00bfEres comprador profesional? Agenda una cita con nosotros para tener m\u00e1s info de las colecciones.<\/p><\/div><\/div>\t\t\t\t<\/div>\n\t\t\t\t<\/div>\n\t\t\t\t<div class=\"elementor-element elementor-element-801cfb9 elementor-align-center elementor-widget elementor-widget-button\" data-id=\"801cfb9\" data-element_type=\"widget\" data-widget_type=\"button.default\">\n\t\t\t\t<div class=\"elementor-widget-container\">\n\t\t\t\t\t\t\t\t\t<div class=\"elementor-button-wrapper\">\n\t\t\t\t\t<a class=\"elementor-button elementor-button-link elementor-size-sm\" href=\"https:\/\/col.andrealanda.com\/\" target=\"_blank\">\n\t\t\t\t\t\t<span class=\"elementor-button-content-wrapper\">\n\t\t\t\t\t\t\t\t\t<span class=\"elementor-button-text\">BOOK \/ AGENDA<\/span>\n\t\t\t\t\t<\/span>\n\t\t\t\t\t<\/a>\n\t\t\t\t<\/div>\n\t\t\t\t\t\t\t\t<\/div>\n\t\t\t\t<\/div>\n\t\t\t\t<div class=\"elementor-element elementor-element-ee44bc1 elementor-hidden-desktop elementor-widget-divider--view-line elementor-widget elementor-widget-divider\" data-id=\"ee44bc1\" data-element_type=\"widget\" data-widget_type=\"divider.default\">\n\t\t\t\t<div class=\"elementor-widget-container\">\n\t\t\t\t\t\t\t<div class=\"elementor-divider\">\n\t\t\t<span class=\"elementor-divider-separator\">\n\t\t\t\t\t\t<\/span>\n\t\t<\/div>\n\t\t\t\t\t\t<\/div>\n\t\t\t\t<\/div>\n\t\t\t\t\t<\/div>\n\t\t<\/div>\n\t\t\t\t<div class=\"elementor-column elementor-col-33 elementor-top-column elementor-element elementor-element-81f1721\" data-id=\"81f1721\" data-element_type=\"column\">\n\t\t\t<div class=\"elementor-widget-wrap elementor-element-populated\">\n\t\t\t\t\t\t<div class=\"elementor-element elementor-element-6320d69 elementor-widget elementor-widget-image-box\" data-id=\"6320d69\" data-element_type=\"widget\" data-widget_type=\"image-box.default\">\n\t\t\t\t<div class=\"elementor-widget-container\">\n\t\t\t\t\t<div class=\"elementor-image-box-wrapper\"><div class=\"elementor-image-box-content\"><h3 class=\"elementor-image-box-title\">Our Website<\/h3><p class=\"elementor-image-box-description\">Learn more about us on our website.<br\/><br\/><br\/>Conoce m\u00e1s acerca de nosotros en nuestra p\u00e1gina web.\u200b<\/p><\/div><\/div>\t\t\t\t<\/div>\n\t\t\t\t<\/div>\n\t\t\t\t<div class=\"elementor-element elementor-element-79205f3 elementor-hidden-tablet elementor-hidden-phone elementor-widget elementor-widget-spacer\" data-id=\"79205f3\" data-element_type=\"widget\" data-widget_type=\"spacer.default\">\n\t\t\t\t<div class=\"elementor-widget-container\">\n\t\t\t\t\t\t\t<div class=\"elementor-spacer\">\n\t\t\t<div class=\"elementor-spacer-inner\"><\/div>\n\t\t<\/div>\n\t\t\t\t\t\t<\/div>\n\t\t\t\t<\/div>\n\t\t\t\t<div class=\"elementor-element elementor-element-0825902 elementor-align-center elementor-widget elementor-widget-button\" data-id=\"0825902\" data-element_type=\"widget\" data-widget_type=\"button.default\">\n\t\t\t\t<div class=\"elementor-widget-container\">\n\t\t\t\t\t\t\t\t\t<div class=\"elementor-button-wrapper\">\n\t\t\t\t\t<a class=\"elementor-button elementor-button-link elementor-size-sm\" href=\"https:\/\/andrealanda.com\/password\" target=\"_blank\">\n\t\t\t\t\t\t<span class=\"elementor-button-content-wrapper\">\n\t\t\t\t\t\t\t\t\t<span class=\"elementor-button-text\">VISIT \/ VISITAR<\/span>\n\t\t\t\t\t<\/span>\n\t\t\t\t\t<\/a>\n\t\t\t\t<\/div>\n\t\t\t\t\t\t\t\t<\/div>\n\t\t\t\t<\/div>\n\t\t\t\t<div class=\"elementor-element elementor-element-f94e3f1 elementor-hidden-desktop elementor-widget-divider--view-line elementor-widget elementor-widget-divider\" data-id=\"f94e3f1\" data-element_type=\"widget\" data-widget_type=\"divider.default\">\n\t\t\t\t<div class=\"elementor-widget-container\">\n\t\t\t\t\t\t\t<div class=\"elementor-divider\">\n\t\t\t<span class=\"elementor-divider-separator\">\n\t\t\t\t\t\t<\/span>\n\t\t<\/div>\n\t\t\t\t\t\t<\/div>\n\t\t\t\t<\/div>\n\t\t\t\t\t<\/div>\n\t\t<\/div>\n\t\t\t\t\t<\/div>\n\t\t<\/section>\n\t\t\t\t<\/div>\n\t\t","protected":false},"excerpt":{"rendered":"<p>ANDREA LANDA FASHION &#8211; MODA ANDREA LANDA\u00b4S connection with fashion emerged in an innate way, since she was a little girl she has been surrounded by patterns, buckles and countless leather skins. Supplies and materials that were part of her mother&#8217;s leather goods workshop, a space where she grew up seeing the work of Colombian [&hellip;]<\/p>\n","protected":false},"author":2,"featured_media":0,"parent":0,"menu_order":0,"comment_status":"closed","ping_status":"closed","template":"elementor_header_footer","meta":{"footnotes":""},"class_list":["post-5214","page","type-page","status-publish","hentry"],"translation":{"provider":"WPGlobus","version":"3.0.0","language":"en","enabled_languages":["es","en"],"languages":{"es":{"title":true,"content":true,"excerpt":false},"en":{"title":false,"content":false,"excerpt":false}}},"aioseo_notices":[],"_links":{"self":[{"href":"https:\/\/caravanaamericana.com\/en\/wp-json\/wp\/v2\/pages\/5214","targetHints":{"allow":["GET"]}}],"collection":[{"href":"https:\/\/caravanaamericana.com\/en\/wp-json\/wp\/v2\/pages"}],"about":[{"href":"https:\/\/caravanaamericana.com\/en\/wp-json\/wp\/v2\/types\/page"}],"author":[{"embeddable":true,"href":"https:\/\/caravanaamericana.com\/en\/wp-json\/wp\/v2\/users\/2"}],"replies":[{"embeddable":true,"href":"https:\/\/caravanaamericana.com\/en\/wp-json\/wp\/v2\/comments?post=5214"}],"version-history":[{"count":4,"href":"https:\/\/caravanaamericana.com\/en\/wp-json\/wp\/v2\/pages\/5214\/revisions"}],"predecessor-version":[{"id":5223,"href":"https:\/\/caravanaamericana.com\/en\/wp-json\/wp\/v2\/pages\/5214\/revisions\/5223"}],"wp:attachment":[{"href":"https:\/\/caravanaamericana.com\/en\/wp-json\/wp\/v2\/media?parent=5214"}],"curies":[{"name":"wp","href":"https:\/\/api.w.org\/{rel}","templated":true}]}}