{"id":9709,"date":"2023-02-14T11:19:58","date_gmt":"2023-02-14T16:19:58","guid":{"rendered":"https:\/\/caravanaamericana.com\/?page_id=9709"},"modified":"2023-02-14T11:22:31","modified_gmt":"2023-02-14T16:22:31","slug":"calista-caravana-14","status":"publish","type":"page","link":"https:\/\/caravanaamericana.com\/en\/calista-caravana-14\/","title":{"rendered":"CALISTA CARAVANA 14"},"content":{"rendered":"\t\t<div data-elementor-type=\"wp-page\" data-elementor-id=\"9709\" class=\"elementor elementor-9709\">\n\t\t\t\t\t\t<section class=\"elementor-section elementor-top-section elementor-element elementor-element-eb4ca1d elementor-section-stretched elementor-section-full_width elementor-section-height-default elementor-section-height-default\" data-id=\"eb4ca1d\" data-element_type=\"section\" data-settings=\"{&quot;stretch_section&quot;:&quot;section-stretched&quot;}\">\n\t\t\t\t\t\t<div class=\"elementor-container elementor-column-gap-default\">\n\t\t\t\t\t<div class=\"elementor-column elementor-col-100 elementor-top-column elementor-element elementor-element-35d8111\" data-id=\"35d8111\" data-element_type=\"column\">\n\t\t\t<div class=\"elementor-widget-wrap elementor-element-populated\">\n\t\t\t\t\t\t<div class=\"elementor-element elementor-element-50c3851 elementor-widget elementor-widget-image\" data-id=\"50c3851\" data-element_type=\"widget\" data-widget_type=\"image.default\">\n\t\t\t\t<div class=\"elementor-widget-container\">\n\t\t\t\t\t\t\t\t\t\t\t\t\t\t\t<img fetchpriority=\"high\" decoding=\"async\" width=\"2000\" height=\"1000\" src=\"https:\/\/caravanaamericana.com\/wp-content\/uploads\/2023\/02\/Calista-Principal.jpg\" class=\"attachment-full size-full wp-image-9716\" alt=\"\" srcset=\"https:\/\/caravanaamericana.com\/wp-content\/uploads\/2023\/02\/Calista-Principal.jpg 2000w, https:\/\/caravanaamericana.com\/wp-content\/uploads\/2023\/02\/Calista-Principal-300x150.jpg 300w, https:\/\/caravanaamericana.com\/wp-content\/uploads\/2023\/02\/Calista-Principal-1024x512.jpg 1024w, https:\/\/caravanaamericana.com\/wp-content\/uploads\/2023\/02\/Calista-Principal-768x384.jpg 768w, https:\/\/caravanaamericana.com\/wp-content\/uploads\/2023\/02\/Calista-Principal-1536x768.jpg 1536w\" sizes=\"(max-width: 2000px) 100vw, 2000px\" \/>\t\t\t\t\t\t\t\t\t\t\t\t\t\t\t<\/div>\n\t\t\t\t<\/div>\n\t\t\t\t\t<\/div>\n\t\t<\/div>\n\t\t\t\t\t<\/div>\n\t\t<\/section>\n\t\t\t\t<section class=\"elementor-section elementor-top-section elementor-element elementor-element-97cf721 elementor-section-boxed elementor-section-height-default elementor-section-height-default\" data-id=\"97cf721\" data-element_type=\"section\" data-settings=\"{&quot;background_background&quot;:&quot;classic&quot;}\">\n\t\t\t\t\t\t<div class=\"elementor-container elementor-column-gap-default\">\n\t\t\t\t\t<div class=\"elementor-column elementor-col-100 elementor-top-column elementor-element elementor-element-d8cb6aa\" data-id=\"d8cb6aa\" data-element_type=\"column\">\n\t\t\t<div class=\"elementor-widget-wrap elementor-element-populated\">\n\t\t\t\t\t\t<div class=\"elementor-element elementor-element-7f9b666 elementor-widget elementor-widget-heading\" data-id=\"7f9b666\" data-element_type=\"widget\" data-widget_type=\"heading.default\">\n\t\t\t\t<div class=\"elementor-widget-container\">\n\t\t\t\t\t<h2 class=\"elementor-heading-title elementor-size-default\">CALISTA<\/h2>\t\t\t\t<\/div>\n\t\t\t\t<\/div>\n\t\t\t\t<div class=\"elementor-element elementor-element-fd11800 elementor-widget elementor-widget-heading\" data-id=\"fd11800\" data-element_type=\"widget\" data-widget_type=\"heading.default\">\n\t\t\t\t<div class=\"elementor-widget-container\">\n\t\t\t\t\t<h2 class=\"elementor-heading-title elementor-size-default\">JEWELRY - JOYER\u00cdA<\/h2>\t\t\t\t<\/div>\n\t\t\t\t<\/div>\n\t\t\t\t\t<\/div>\n\t\t<\/div>\n\t\t\t\t\t<\/div>\n\t\t<\/section>\n\t\t\t\t<section class=\"elementor-section elementor-top-section elementor-element elementor-element-87f8e3a elementor-section-boxed elementor-section-height-default elementor-section-height-default\" data-id=\"87f8e3a\" data-element_type=\"section\">\n\t\t\t\t\t\t<div class=\"elementor-container elementor-column-gap-default\">\n\t\t\t\t\t<div class=\"elementor-column elementor-col-50 elementor-top-column elementor-element elementor-element-2fde66f\" data-id=\"2fde66f\" data-element_type=\"column\">\n\t\t\t<div class=\"elementor-widget-wrap elementor-element-populated\">\n\t\t\t\t\t\t<div class=\"elementor-element elementor-element-4da6470 elementor-widget elementor-widget-text-editor\" data-id=\"4da6470\" data-element_type=\"widget\" data-widget_type=\"text-editor.default\">\n\t\t\t\t<div class=\"elementor-widget-container\">\n\t\t\t\t\t\t\t\t\t<p>CALISTA is a Mexican contemporary jewelry brand co-founded by Laura and Regina Hern\u00e1ndez. They joined their talents to create collections that capture the essence of mythological stories and represent the values embedded in them: wisdom, victory, resilience, strength, perseverance, love. For CALISTA, the true meaning of jewelry is the meaning we imprint on it, as well as the memories and emotions we associate with it. Each piece is designed by CALISTA and handmade by expert Mexican artisans in gold-pleated brass and natural stones.<\/p>\t\t\t\t\t\t\t\t<\/div>\n\t\t\t\t<\/div>\n\t\t\t\t\t<\/div>\n\t\t<\/div>\n\t\t\t\t<div class=\"elementor-column elementor-col-50 elementor-top-column elementor-element elementor-element-1fc5336\" data-id=\"1fc5336\" data-element_type=\"column\">\n\t\t\t<div class=\"elementor-widget-wrap elementor-element-populated\">\n\t\t\t\t\t\t<div class=\"elementor-element elementor-element-5f01463 elementor-widget elementor-widget-text-editor\" data-id=\"5f01463\" data-element_type=\"widget\" data-widget_type=\"text-editor.default\">\n\t\t\t\t<div class=\"elementor-widget-container\">\n\t\t\t\t\t\t\t\t\t<p>CALISTA es una marca de dise\u00f1o de joyer\u00eda 100% mexicana fundada por Laura y Regina Hern\u00e1ndez, quienes unieron sus talentos para dar vida a sus colecciones que capturan la esencia de historias mitol\u00f3gicas y los valores que ah\u00ed se representan: resiliencia, sabidur\u00eda, fortaleza, prosperidad, belleza, amor. Para CALISTA el verdadero valor de la joyer\u00eda es el significado que le damos, as\u00ed como las memorias y emociones que se imprimen en ella. Cada pieza es dise\u00f1ada por CALISTA y elaborada por expertos artesanos mexicanos en lat\u00f3n con chapa de oro y piedras naturales. Siempre con especial atenci\u00f3n y cuidado en cada uno de los detalles.<\/p>\t\t\t\t\t\t\t\t<\/div>\n\t\t\t\t<\/div>\n\t\t\t\t\t<\/div>\n\t\t<\/div>\n\t\t\t\t\t<\/div>\n\t\t<\/section>\n\t\t\t\t<section class=\"elementor-section elementor-top-section elementor-element elementor-element-c5e55d8 elementor-section-stretched elementor-section-full_width elementor-section-height-default elementor-section-height-default\" data-id=\"c5e55d8\" data-element_type=\"section\" data-settings=\"{&quot;stretch_section&quot;:&quot;section-stretched&quot;}\">\n\t\t\t\t\t\t<div class=\"elementor-container elementor-column-gap-default\">\n\t\t\t\t\t<div class=\"elementor-column elementor-col-100 elementor-top-column elementor-element elementor-element-f1a3f35\" data-id=\"f1a3f35\" data-element_type=\"column\">\n\t\t\t<div class=\"elementor-widget-wrap elementor-element-populated\">\n\t\t\t\t\t\t<div class=\"elementor-element elementor-element-34c134f image_carousel elementor-arrows-position-inside elementor-widget elementor-widget-image-carousel\" data-id=\"34c134f\" data-element_type=\"widget\" data-settings=\"{&quot;slides_to_show&quot;:&quot;4&quot;,&quot;navigation&quot;:&quot;arrows&quot;,&quot;autoplay&quot;:&quot;yes&quot;,&quot;pause_on_hover&quot;:&quot;yes&quot;,&quot;pause_on_interaction&quot;:&quot;yes&quot;,&quot;autoplay_speed&quot;:5000,&quot;infinite&quot;:&quot;yes&quot;,&quot;speed&quot;:500}\" data-widget_type=\"image-carousel.default\">\n\t\t\t\t<div class=\"elementor-widget-container\">\n\t\t\t\t\t\t\t<div class=\"elementor-image-carousel-wrapper swiper\" role=\"region\" aria-roledescription=\"carousel\" aria-label=\"Image Carousel\" dir=\"ltr\">\n\t\t\t<div class=\"elementor-image-carousel swiper-wrapper swiper-image-stretch\" aria-live=\"off\">\n\t\t\t\t\t\t\t\t<div class=\"swiper-slide\" role=\"group\" aria-roledescription=\"slide\" aria-label=\"1 of 5\"><figure class=\"swiper-slide-inner\"><img decoding=\"async\" class=\"swiper-slide-image\" src=\"https:\/\/caravanaamericana.com\/wp-content\/uploads\/2023\/02\/Calista-5.jpg\" alt=\"Calista 5\" \/><\/figure><\/div><div class=\"swiper-slide\" role=\"group\" aria-roledescription=\"slide\" aria-label=\"2 of 5\"><figure class=\"swiper-slide-inner\"><img decoding=\"async\" class=\"swiper-slide-image\" src=\"https:\/\/caravanaamericana.com\/wp-content\/uploads\/2023\/02\/Calista-4.jpg\" alt=\"Calista 4\" \/><\/figure><\/div><div class=\"swiper-slide\" role=\"group\" aria-roledescription=\"slide\" aria-label=\"3 of 5\"><figure class=\"swiper-slide-inner\"><img decoding=\"async\" class=\"swiper-slide-image\" src=\"https:\/\/caravanaamericana.com\/wp-content\/uploads\/2023\/02\/Calista-2.jpg\" alt=\"Calista 2\" \/><\/figure><\/div><div class=\"swiper-slide\" role=\"group\" aria-roledescription=\"slide\" aria-label=\"4 of 5\"><figure class=\"swiper-slide-inner\"><img decoding=\"async\" class=\"swiper-slide-image\" src=\"https:\/\/caravanaamericana.com\/wp-content\/uploads\/2023\/02\/Calista-3.jpg\" alt=\"Calista 3\" \/><\/figure><\/div><div class=\"swiper-slide\" role=\"group\" aria-roledescription=\"slide\" aria-label=\"5 of 5\"><figure class=\"swiper-slide-inner\"><img decoding=\"async\" class=\"swiper-slide-image\" src=\"https:\/\/caravanaamericana.com\/wp-content\/uploads\/2023\/02\/Calista-1.jpg\" alt=\"Calista 1\" \/><\/figure><\/div>\t\t\t<\/div>\n\t\t\t\t\t\t\t\t\t\t\t\t<div class=\"elementor-swiper-button elementor-swiper-button-prev\" role=\"button\" tabindex=\"0\">\n\t\t\t\t\t\t<i aria-hidden=\"true\" class=\"eicon-chevron-left\"><\/i>\t\t\t\t\t<\/div>\n\t\t\t\t\t<div class=\"elementor-swiper-button elementor-swiper-button-next\" role=\"button\" tabindex=\"0\">\n\t\t\t\t\t\t<i aria-hidden=\"true\" class=\"eicon-chevron-right\"><\/i>\t\t\t\t\t<\/div>\n\t\t\t\t\n\t\t\t\t\t\t\t\t\t<\/div>\n\t\t\t\t\t\t<\/div>\n\t\t\t\t<\/div>\n\t\t\t\t\t<\/div>\n\t\t<\/div>\n\t\t\t\t\t<\/div>\n\t\t<\/section>\n\t\t\t\t<section class=\"elementor-section elementor-top-section elementor-element elementor-element-9974d5a elementor-section-boxed elementor-section-height-default elementor-section-height-default\" data-id=\"9974d5a\" data-element_type=\"section\">\n\t\t\t\t\t\t<div class=\"elementor-container elementor-column-gap-default\">\n\t\t\t\t\t<div class=\"elementor-column elementor-col-33 elementor-top-column elementor-element elementor-element-ca1bdd4\" data-id=\"ca1bdd4\" data-element_type=\"column\">\n\t\t\t<div class=\"elementor-widget-wrap elementor-element-populated\">\n\t\t\t\t\t\t<div class=\"elementor-element elementor-element-0c0f63a elementor-widget elementor-widget-image-box\" data-id=\"0c0f63a\" data-element_type=\"widget\" data-widget_type=\"image-box.default\">\n\t\t\t\t<div class=\"elementor-widget-container\">\n\t\t\t\t\t<div class=\"elementor-image-box-wrapper\"><div class=\"elementor-image-box-content\"><h3 class=\"elementor-image-box-title\">Caravana B2B<\/h3><p class=\"elementor-image-box-description\">\u00bfAre you a buyer?\nDiscover our latest collections in our online catalogue.<br\/><br\/>\u00bfEres comprador profesional? Descubre nuestro cat\u00e1logo virtual con las colecciones para mayoreo.<\/p><\/div><\/div>\t\t\t\t<\/div>\n\t\t\t\t<\/div>\n\t\t\t\t<div class=\"elementor-element elementor-element-1866bd6 elementor-align-center elementor-widget elementor-widget-button\" data-id=\"1866bd6\" data-element_type=\"widget\" data-widget_type=\"button.default\">\n\t\t\t\t<div class=\"elementor-widget-container\">\n\t\t\t\t\t\t\t\t\t<div class=\"elementor-button-wrapper\">\n\t\t\t\t\t<a class=\"elementor-button elementor-button-link elementor-size-sm\" href=\"https:\/\/calista.com.mx\/\" target=\"_blank\">\n\t\t\t\t\t\t<span class=\"elementor-button-content-wrapper\">\n\t\t\t\t\t\t\t\t\t<span class=\"elementor-button-text\">ORDER \/ ORDENA<\/span>\n\t\t\t\t\t<\/span>\n\t\t\t\t\t<\/a>\n\t\t\t\t<\/div>\n\t\t\t\t\t\t\t\t<\/div>\n\t\t\t\t<\/div>\n\t\t\t\t<div class=\"elementor-element elementor-element-a098965 elementor-hidden-desktop elementor-widget-divider--view-line elementor-widget elementor-widget-divider\" data-id=\"a098965\" data-element_type=\"widget\" data-widget_type=\"divider.default\">\n\t\t\t\t<div class=\"elementor-widget-container\">\n\t\t\t\t\t\t\t<div class=\"elementor-divider\">\n\t\t\t<span class=\"elementor-divider-separator\">\n\t\t\t\t\t\t<\/span>\n\t\t<\/div>\n\t\t\t\t\t\t<\/div>\n\t\t\t\t<\/div>\n\t\t\t\t\t<\/div>\n\t\t<\/div>\n\t\t\t\t<div class=\"elementor-column elementor-col-33 elementor-top-column elementor-element elementor-element-f7ac8ab\" data-id=\"f7ac8ab\" data-element_type=\"column\">\n\t\t\t<div class=\"elementor-widget-wrap elementor-element-populated\">\n\t\t\t\t\t\t<div class=\"elementor-element elementor-element-1388e90 elementor-widget elementor-widget-image-box\" data-id=\"1388e90\" data-element_type=\"widget\" data-widget_type=\"image-box.default\">\n\t\t\t\t<div class=\"elementor-widget-container\">\n\t\t\t\t\t<div class=\"elementor-image-box-wrapper\"><div class=\"elementor-image-box-content\"><h3 class=\"elementor-image-box-title\">Book a meeting<\/h3><p class=\"elementor-image-box-description\">\u00bfAre you a buyer? Schedule an appointment with us to learn more about our products.<br\/><br\/>\u00bfEres comprador profesional? Agenda una cita con nosotros para tener m\u00e1s info de las colecciones.<\/p><\/div><\/div>\t\t\t\t<\/div>\n\t\t\t\t<\/div>\n\t\t\t\t<div class=\"elementor-element elementor-element-801cfb9 elementor-align-center elementor-widget elementor-widget-button\" data-id=\"801cfb9\" data-element_type=\"widget\" data-widget_type=\"button.default\">\n\t\t\t\t<div class=\"elementor-widget-container\">\n\t\t\t\t\t\t\t\t\t<div class=\"elementor-button-wrapper\">\n\t\t\t\t\t<a class=\"elementor-button elementor-button-link elementor-size-sm\" href=\"https:\/\/www.instagram.com\/calistaoficial\/\" target=\"_blank\">\n\t\t\t\t\t\t<span class=\"elementor-button-content-wrapper\">\n\t\t\t\t\t\t\t\t\t<span class=\"elementor-button-text\">BOOK \/ AGENDA<\/span>\n\t\t\t\t\t<\/span>\n\t\t\t\t\t<\/a>\n\t\t\t\t<\/div>\n\t\t\t\t\t\t\t\t<\/div>\n\t\t\t\t<\/div>\n\t\t\t\t<div class=\"elementor-element elementor-element-ee44bc1 elementor-hidden-desktop elementor-widget-divider--view-line elementor-widget elementor-widget-divider\" data-id=\"ee44bc1\" data-element_type=\"widget\" data-widget_type=\"divider.default\">\n\t\t\t\t<div class=\"elementor-widget-container\">\n\t\t\t\t\t\t\t<div class=\"elementor-divider\">\n\t\t\t<span class=\"elementor-divider-separator\">\n\t\t\t\t\t\t<\/span>\n\t\t<\/div>\n\t\t\t\t\t\t<\/div>\n\t\t\t\t<\/div>\n\t\t\t\t\t<\/div>\n\t\t<\/div>\n\t\t\t\t<div class=\"elementor-column elementor-col-33 elementor-top-column elementor-element elementor-element-81f1721\" data-id=\"81f1721\" data-element_type=\"column\">\n\t\t\t<div class=\"elementor-widget-wrap elementor-element-populated\">\n\t\t\t\t\t\t<div class=\"elementor-element elementor-element-6320d69 elementor-widget elementor-widget-image-box\" data-id=\"6320d69\" data-element_type=\"widget\" data-widget_type=\"image-box.default\">\n\t\t\t\t<div class=\"elementor-widget-container\">\n\t\t\t\t\t<div class=\"elementor-image-box-wrapper\"><div class=\"elementor-image-box-content\"><h3 class=\"elementor-image-box-title\">Our Website<\/h3><p class=\"elementor-image-box-description\">Learn more about us on our website.<br\/><br\/><br\/>Conoce m\u00e1s acerca de nosotros en nuestra p\u00e1gina web.\u200b<\/p><\/div><\/div>\t\t\t\t<\/div>\n\t\t\t\t<\/div>\n\t\t\t\t<div class=\"elementor-element elementor-element-79205f3 elementor-hidden-tablet elementor-hidden-phone elementor-widget elementor-widget-spacer\" data-id=\"79205f3\" data-element_type=\"widget\" data-widget_type=\"spacer.default\">\n\t\t\t\t<div class=\"elementor-widget-container\">\n\t\t\t\t\t\t\t<div class=\"elementor-spacer\">\n\t\t\t<div class=\"elementor-spacer-inner\"><\/div>\n\t\t<\/div>\n\t\t\t\t\t\t<\/div>\n\t\t\t\t<\/div>\n\t\t\t\t<div class=\"elementor-element elementor-element-0825902 elementor-align-center elementor-widget elementor-widget-button\" data-id=\"0825902\" data-element_type=\"widget\" data-widget_type=\"button.default\">\n\t\t\t\t<div class=\"elementor-widget-container\">\n\t\t\t\t\t\t\t\t\t<div class=\"elementor-button-wrapper\">\n\t\t\t\t\t<a class=\"elementor-button elementor-button-link elementor-size-sm\" href=\"https:\/\/calista.com.mx\/\" target=\"_blank\">\n\t\t\t\t\t\t<span class=\"elementor-button-content-wrapper\">\n\t\t\t\t\t\t\t\t\t<span class=\"elementor-button-text\">VISIT \/ VISITAR<\/span>\n\t\t\t\t\t<\/span>\n\t\t\t\t\t<\/a>\n\t\t\t\t<\/div>\n\t\t\t\t\t\t\t\t<\/div>\n\t\t\t\t<\/div>\n\t\t\t\t<div class=\"elementor-element elementor-element-f94e3f1 elementor-hidden-desktop elementor-widget-divider--view-line elementor-widget elementor-widget-divider\" data-id=\"f94e3f1\" data-element_type=\"widget\" data-widget_type=\"divider.default\">\n\t\t\t\t<div class=\"elementor-widget-container\">\n\t\t\t\t\t\t\t<div class=\"elementor-divider\">\n\t\t\t<span class=\"elementor-divider-separator\">\n\t\t\t\t\t\t<\/span>\n\t\t<\/div>\n\t\t\t\t\t\t<\/div>\n\t\t\t\t<\/div>\n\t\t\t\t\t<\/div>\n\t\t<\/div>\n\t\t\t\t\t<\/div>\n\t\t<\/section>\n\t\t\t\t<\/div>\n\t\t","protected":false},"excerpt":{"rendered":"<p>CALISTA JEWELRY &#8211; JOYER\u00cdA CALISTA is a Mexican contemporary jewelry brand co-founded by Laura and Regina Hern\u00e1ndez. They joined their talents to create collections that capture the essence of mythological stories and represent the values embedded in them: wisdom, victory, resilience, strength, perseverance, love. For CALISTA, the true meaning of jewelry is the meaning we [&hellip;]<\/p>\n","protected":false},"author":2,"featured_media":0,"parent":0,"menu_order":0,"comment_status":"closed","ping_status":"closed","template":"elementor_header_footer","meta":{"footnotes":""},"class_list":["post-9709","page","type-page","status-publish","hentry"],"translation":{"provider":"WPGlobus","version":"3.0.0","language":"en","enabled_languages":["es","en"],"languages":{"es":{"title":true,"content":true,"excerpt":false},"en":{"title":false,"content":false,"excerpt":false}}},"aioseo_notices":[],"_links":{"self":[{"href":"https:\/\/caravanaamericana.com\/en\/wp-json\/wp\/v2\/pages\/9709","targetHints":{"allow":["GET"]}}],"collection":[{"href":"https:\/\/caravanaamericana.com\/en\/wp-json\/wp\/v2\/pages"}],"about":[{"href":"https:\/\/caravanaamericana.com\/en\/wp-json\/wp\/v2\/types\/page"}],"author":[{"embeddable":true,"href":"https:\/\/caravanaamericana.com\/en\/wp-json\/wp\/v2\/users\/2"}],"replies":[{"embeddable":true,"href":"https:\/\/caravanaamericana.com\/en\/wp-json\/wp\/v2\/comments?post=9709"}],"version-history":[{"count":10,"href":"https:\/\/caravanaamericana.com\/en\/wp-json\/wp\/v2\/pages\/9709\/revisions"}],"predecessor-version":[{"id":9725,"href":"https:\/\/caravanaamericana.com\/en\/wp-json\/wp\/v2\/pages\/9709\/revisions\/9725"}],"wp:attachment":[{"href":"https:\/\/caravanaamericana.com\/en\/wp-json\/wp\/v2\/media?parent=9709"}],"curies":[{"name":"wp","href":"https:\/\/api.w.org\/{rel}","templated":true}]}}